{"id":3951,"date":"2024-05-09T18:21:38","date_gmt":"2024-05-09T18:21:38","guid":{"rendered":"https:\/\/new.loghouse.si\/energiesparhaeuser\/"},"modified":"2024-05-17T19:49:53","modified_gmt":"2024-05-17T19:49:53","slug":"energiesparhaeuser","status":"publish","type":"page","link":"https:\/\/www.loghouse.si\/de\/energiesparhaeuser\/","title":{"rendered":"energiesparhaeuser"},"content":{"rendered":"\t\t<div data-elementor-type=\"wp-page\" data-elementor-id=\"3951\" class=\"elementor elementor-3951 elementor-3074\">\n\t\t\t\t<div class=\"elementor-element elementor-element-ba132e7 e-con-full e-flex e-con e-parent\" data-id=\"ba132e7\" data-element_type=\"container\" data-settings=\"{&quot;background_background&quot;:&quot;classic&quot;}\">\n\t\t\t\t<div class=\"elementor-element elementor-element-a07de08 elementor-widget-mobile__width-initial elementor-widget elementor-widget-heading\" data-id=\"a07de08\" data-element_type=\"widget\" data-widget_type=\"heading.default\">\n\t\t\t\t<div class=\"elementor-widget-container\">\n\t\t\t<style>\/*! elementor - v3.21.0 - 22-05-2024 *\/\n.elementor-heading-title{padding:0;margin:0;line-height:1}.elementor-widget-heading .elementor-heading-title[class*=elementor-size-]>a{color:inherit;font-size:inherit;line-height:inherit}.elementor-widget-heading .elementor-heading-title.elementor-size-small{font-size:15px}.elementor-widget-heading .elementor-heading-title.elementor-size-medium{font-size:19px}.elementor-widget-heading .elementor-heading-title.elementor-size-large{font-size:29px}.elementor-widget-heading .elementor-heading-title.elementor-size-xl{font-size:39px}.elementor-widget-heading .elementor-heading-title.elementor-size-xxl{font-size:59px}<\/style><h2 class=\"elementor-heading-title elementor-size-default\">Lesen Sie auch:<\/h2>\t\t<\/div>\n\t\t\t\t<\/div>\n\t\t\t\t<\/div>\n\t\t<div class=\"elementor-element elementor-element-b81651b e-flex e-con-boxed e-con e-parent\" data-id=\"b81651b\" data-element_type=\"container\" data-settings=\"{&quot;background_background&quot;:&quot;classic&quot;}\">\n\t\t\t\t\t<div class=\"e-con-inner\">\n\t\t\t\t<div class=\"elementor-element elementor-element-4332451 elementor-widget__width-inherit elementor-widget-mobile__width-initial elementor-widget elementor-widget-text-editor\" data-id=\"4332451\" data-element_type=\"widget\" data-widget_type=\"text-editor.default\">\n\t\t\t\t<div class=\"elementor-widget-container\">\n\t\t\t<style>\/*! elementor - v3.21.0 - 22-05-2024 *\/\n.elementor-widget-text-editor.elementor-drop-cap-view-stacked .elementor-drop-cap{background-color:#69727d;color:#fff}.elementor-widget-text-editor.elementor-drop-cap-view-framed .elementor-drop-cap{color:#69727d;border:3px solid;background-color:transparent}.elementor-widget-text-editor:not(.elementor-drop-cap-view-default) .elementor-drop-cap{margin-top:8px}.elementor-widget-text-editor:not(.elementor-drop-cap-view-default) .elementor-drop-cap-letter{width:1em;height:1em}.elementor-widget-text-editor .elementor-drop-cap{float:left;text-align:center;line-height:1;font-size:50px}.elementor-widget-text-editor .elementor-drop-cap-letter{display:inline-block}<\/style>\t\t\t\t<p>energiesparhaeuser<\/p>\n\t\t\t\t\t\t<\/div>\n\t\t\t\t<\/div>\n\t\t\t\t\t<\/div>\n\t\t\t\t<\/div>\n\t\t<div class=\"elementor-element elementor-element-1f1ad96 e-flex e-con-boxed e-con e-parent\" data-id=\"1f1ad96\" data-element_type=\"container\" data-settings=\"{&quot;background_background&quot;:&quot;classic&quot;}\">\n\t\t\t\t\t<div class=\"e-con-inner\">\n\t\t\t\t<div class=\"elementor-element elementor-element-77aa092 elementor-widget__width-inherit elementor-widget-mobile__width-initial elementor-widget elementor-widget-text-editor\" data-id=\"77aa092\" data-element_type=\"widget\" data-widget_type=\"text-editor.default\">\n\t\t\t\t<div class=\"elementor-widget-container\">\n\t\t\t\t\t\t\t<p>Billige Blockh\u00fctten sind nicht von schlechter Qualit\u00e4t. Diese Worte bedeuten keineswegs, dass unsere Produkte aufgrund des g\u00fcnstigen Preises minderwertig sind. Der Preis ist wettbewerbsf\u00e4hig, weil wir versuchen, ihn f\u00fcr unsere Kunden so erschwinglich wie m\u00f6glich zu machen, da wir uns bewusst sind, dass Bauen heutzutage f\u00fcr viele Menschen eine gro\u00dfe Sache ist. In der Firma LogHouse d. o. o. Wir bieten unseren Kunden g\u00fcnstige Zahlungskonditionen und k\u00fcmmern uns um alles Notwendige \u2013 von der Bearbeitung der Dokumentation bis zur Vermittlung von Subunternehmern. An dieser Stelle ist zu erw\u00e4hnen, dass wir nur mit Unternehmen zusammenarbeiten, die zuverl\u00e4ssig sind und die geleistete Arbeit garantieren Bisher haben wir keine schlechten Erfahrungen gemacht und obwohl die Blockh\u00fctten (im Vergleich zu Konkurrenzunternehmen) g\u00fcnstig sind, sind unsere Kunden \u00e4u\u00dferst zufrieden und empfehlen uns gerne ihren Freunden weiter.<\/p>\n<p><img fetchpriority=\"high\" decoding=\"async\" title=\"Gunstiges Blockhaus\" src=\"https:\/\/www.loghouse.si\/files\/brunarica-po-narocilu.jpg\" alt=\"Gunstiges Blockhaus\" width=\"660\" height=\"660\"><\/p>\n<p>Doch warum ist der Bau eines Blockhauses in den letzten Jahren f\u00fcr viele so interessant geworden? Tatsache ist, dass wir begonnen haben (manche mehr, manche weniger), immer mehr zur Natur zur\u00fcckzukehren, das zu sch\u00e4tzen, was uns gegeben wird, und der Umwelt und dem Raum, in dem wir leben, Aufmerksamkeit zu schenken; Viele von uns haben Kinder und die Sorge, wie sie in ein paar Jahren leben werden, wird immer gr\u00f6\u00dfer.<\/p>\n<p>Blockh\u00fctten aus slowenischem Holz sind der ideale Weg, diesem m\u00f6glichst nahe zu kommen. Das Leben in ihnen ist v\u00f6llig anders, als wir es in klassisch gebauten H\u00e4usern gewohnt sind, denn schon beim Betreten eines solchen Hauses bietet sich eine besondere Atmosph\u00e4re und ein angenehmer Zufluchtsort. Bei all dem Stress m\u00fcssen wir einen Weg finden, uns zu entspannen und friedlicher zu leben, und die h\u00f6lzerne Umgebung erinnert uns daran, dass wir der Natur gegen\u00fcber nicht gleichg\u00fcltig und respektlos sein sollten, denn sie gibt uns nur Gutes.<\/p>\n<p>Unser Unternehmen bietet Ihnen g\u00fcnstige Blockh\u00fctten aus slowenischem Holz an, die von hoher Qualit\u00e4t sind und aus hochwertigen und langlebigen heimischen Materialien hergestellt werden. Wir pr\u00fcfen die Qualit\u00e4t, obwohl die Lieferanten darauf achten, dass das Holz zum richtigen Zeitpunkt geschnitten, richtig getrocknet und gut verarbeitet wird. Nur Geb\u00e4ude aus hochwertigen Materialien k\u00f6nnen solide, feuerfest, erdbebensicher &#8230; kurz gesagt, ewig sein.<\/p>\n<p><strong>Blockh\u00fctten g\u00fcnstig Blockh\u00fctten aus slowenischem Holz in verschiedenen Ausf\u00fchrungen, f\u00fcr unterschiedliche Geschm\u00e4cker<\/strong><\/p>\n<p>Der urspr\u00fcngliche Zweck von Holzh\u00e4usern geht auf das Leben vor vielen Jahren zur\u00fcck, als Holz eines der wenigen Baumaterialien war, aus denen Menschen ihre H\u00e4user bauten. Sp\u00e4ter ging diese Lebensweise etwas zur\u00fcck, doch heute erfreut sie sich immer gr\u00f6\u00dferer Beliebtheit, sei es der Bau eines Wochenendhauses oder der Bau einer Blockh\u00fctte als Dauerwohnsitz. Oft entscheiden sich Menschen f\u00fcr g\u00fcnstige Blockh\u00fctten, die sie zu ihren H\u00e4usern hinzuf\u00fcgen und als Orte f\u00fcr geselliges Beisammensein oder zur Aufbewahrung von Werkzeugen nutzen, weil sie optisch ansprechend sind und die Umgebung der H\u00e4user versch\u00f6nern. Sie passen gut zu allen Bauweisen, da sie an architektonische Entw\u00fcrfe verschiedener Bauarten angepasst werden k\u00f6nnen.<\/p>\n<p><img decoding=\"async\" title=\"Blockhaus - Slowenishes holz\" src=\"https:\/\/www.loghouse.si\/files\/izdelava-brunaric-spalnica.jpg\" alt=\"Blockhaus - Slowenishes holz\" width=\"660\" height=\"437\"><\/p>\n<p>Die Nachfrage nach typischen Blockh\u00e4usern steigt auf dem slowenischen Markt, was sich an der wachsenden Zahl ihrer Anbieter zeigt. Aufgrund der gro\u00dfen Zahl von Unternehmen, die sich mit dem Bau und der Renovierung von Holzh\u00e4usern befassen, ist es notwendig, vor der Auswahl eines Auftragnehmers deren Referenzen zu pr\u00fcfen, da nur so das beste Verh\u00e4ltnis zwischen Qualit\u00e4t und Preis gefunden werden kann. Unsere Produktion von Blockh\u00e4usern umfasst Typen unterschiedlicher Art und Verwendungszwecke, die wir jederzeit an Ihre Anforderungen anpassen k\u00f6nnen.<\/p>\n<p><strong>Sie k\u00f6nnen w\u00e4hlen zwischen:<\/strong><\/p>\n<p>Holzh\u00e4user<\/p>\n<p>Bungalows\/Blockh\u00e4user<\/p>\n<p>Gartenh\u00e4user<\/p>\n<p>Mobilheime aus Holz<\/p>\n<p><strong>Blockh\u00fctten aus slowenischem Holz<\/strong><\/p>\n<p>Herstellung einer typischen Blockh\u00fctte aus slowenischem Holz Da Slowenien ein holzreiches Land ist, bauen wir Blockh\u00fctten nur aus slowenischem Holz. Wir k\u00f6nnen auf eine langj\u00e4hrige Bautradition zur\u00fcckblicken und da die Zufriedenheit unserer Kunden f\u00fcr uns oberste Priorit\u00e4t hat, erarbeiten wir gemeinsam mit unseren Kunden konzeptionelle Entw\u00fcrfe. S\u00e4mtliches Holz wird an ausgew\u00e4hlten Standorten eingeschnitten und entsprechend der vorgeschriebenen Auswahl zugeschnitten. Nach der nat\u00fcrlichen Trocknung werden seine physikalischen Eigenschaften durch die Trocknung in Trockenkammern weiter verbessert, wodurch eine optimale Luftfeuchtigkeit erreicht wird und dadurch eine lange Lebensdauer gew\u00e4hrleistet wird.<\/p>\n<p><img decoding=\"async\" title=\"Loghouse production\" src=\"https:\/\/www.loghouse.si\/files\/brunarice-smreka-hlodovina_1.jpg\" alt=\"Loghouse produktion\" width=\"660\" height=\"495\"><\/p>\n<p>Beim Bau oder der Sanierung eines Blockhauses ber\u00fccksichtigen wir W\u00fcnsche und Pl\u00e4ne und verhelfen unseren Kunden gleichzeitig mit unserem Fachwissen und unserer langj\u00e4hrigen Erfahrung zu einem hervorragenden und qualitativ hochwertigen Produkt. Sie k\u00f6nnen zwischen verschiedenen Formen und Abmessungen von Holzh\u00e4usern f\u00fcr unterschiedliche Zwecke w\u00e4hlen. Am beliebtesten sind Holzblockh\u00e4user aus Fichtenholz, da dieses nach dem Trocknen formstabil ist und somit weder beim Bau noch sp\u00e4ter Probleme bereitet. H\u00e4user aus Fichtenholz haben auch eine sch\u00f6ne r\u00f6tliche Farbe, die in unserem Land am beliebtesten ist. Sie k\u00f6nnen Ihre Anlage mit einem Grasdach aufwerten und so ein wirklich gem\u00fctliches Zuhause f\u00fcr die ganze Familie schaffen.<\/p>\n<p>Bei diversen Fragen oder Unklarheiten stehen wir Ihnen jederzeit gerne zur Verf\u00fcgung, rufen Sie uns an oder schreiben Sie uns per E-Mail. Auf unserer Website finden Sie alle Details zu Bausystemen sowie zu Aktionen und Neuigkeiten unseres Unternehmens. Kurz gesagt, Ihnen steht das gesamte Verkaufsprogramm harter Arbeit und jahrelanger Erfahrung zur Verf\u00fcgung. Werfen Sie einen Blick auf das Angebot an g\u00fcnstigen Blockh\u00e4usern und Gartenh\u00e4usern und lesen Sie alles, was Ihnen bei der Entscheidungsfindung hilft.<\/p>\n<p>Selbstverst\u00e4ndlich k\u00f6nnen Sie uns auch in der Filiale besuchen, dort ist das Team f\u00fcr Sie da. Erleben Sie unsere Freundlichkeit un Expertise und die Qualitat unserer Produkte. Bis bald.<\/p>\n\t\t\t\t\t\t<\/div>\n\t\t\t\t<\/div>\n\t\t\t\t\t<\/div>\n\t\t\t\t<\/div>\n\t\t<div class=\"elementor-element elementor-element-bd4d4ab e-con-full e-flex e-con e-child\" data-id=\"bd4d4ab\" data-element_type=\"container\" data-settings=\"{&quot;background_background&quot;:&quot;classic&quot;}\">\n\t\t\t\t<div class=\"elementor-element elementor-element-241a986 elementor-widget__width-initial elementor-widget-mobile__width-initial elementor-invisible elementor-widget elementor-widget-heading\" data-id=\"241a986\" data-element_type=\"widget\" data-settings=\"{&quot;_animation&quot;:&quot;slideInLeft&quot;}\" data-widget_type=\"heading.default\">\n\t\t\t\t<div class=\"elementor-widget-container\">\n\t\t\t<h2 class=\"elementor-heading-title elementor-size-default\">Senden Sie noch heute Ihre Anfrage!<\/h2>\t\t<\/div>\n\t\t\t\t<\/div>\n\t\t\t\t<div class=\"elementor-element elementor-element-6f3cbef elementor-widget__width-initial elementor-widget-mobile__width-initial elementor-invisible elementor-widget elementor-widget-heading\" data-id=\"6f3cbef\" data-element_type=\"widget\" data-settings=\"{&quot;_animation&quot;:&quot;slideInLeft&quot;}\" data-widget_type=\"heading.default\">\n\t\t\t\t<div class=\"elementor-widget-container\">\n\t\t\t<h2 class=\"elementor-heading-title elementor-size-default\"><a href=\"mailto:info@loghouse.si\">info@loghouse.si oder per Telefon: +386 8 205 8491 \/ 386 8 205 8490<\/a><\/h2>\t\t<\/div>\n\t\t\t\t<\/div>\n\t\t\t\t<\/div>\n\t\t\t\t<\/div>\n\t\t","protected":false},"excerpt":{"rendered":"<p>Lesen Sie auch: energiesparhaeuser Billige Blockh\u00fctten sind nicht von schlechter Qualit\u00e4t. Diese Worte bedeuten keineswegs, dass unsere Produkte aufgrund des g\u00fcnstigen Preises minderwertig sind. Der Preis ist wettbewerbsf\u00e4hig, weil wir versuchen, ihn f\u00fcr unsere Kunden so erschwinglich wie m\u00f6glich zu machen, da wir uns bewusst sind, dass Bauen heutzutage f\u00fcr viele Menschen eine gro\u00dfe Sache [&hellip;]<\/p>\n","protected":false},"author":1,"featured_media":0,"parent":0,"menu_order":0,"comment_status":"closed","ping_status":"closed","template":"","meta":{"site-sidebar-layout":"no-sidebar","site-content-layout":"page-builder","ast-site-content-layout":"full-width-container","site-content-style":"default","site-sidebar-style":"default","ast-global-header-display":"","ast-banner-title-visibility":"","ast-main-header-display":"","ast-hfb-above-header-display":"","ast-hfb-below-header-display":"","ast-hfb-mobile-header-display":"","site-post-title":"disabled","ast-breadcrumbs-content":"","ast-featured-img":"disabled","footer-sml-layout":"","theme-transparent-header-meta":"","adv-header-id-meta":"","stick-header-meta":"","header-above-stick-meta":"","header-main-stick-meta":"","header-below-stick-meta":"","astra-migrate-meta-layouts":"default","ast-page-background-enabled":"default","ast-page-background-meta":{"desktop":{"background-color":"","background-image":"","background-repeat":"repeat","background-position":"center center","background-size":"auto","background-attachment":"scroll","background-type":"","background-media":"","overlay-type":"","overlay-color":"","overlay-gradient":""},"tablet":{"background-color":"","background-image":"","background-repeat":"repeat","background-position":"center center","background-size":"auto","background-attachment":"scroll","background-type":"","background-media":"","overlay-type":"","overlay-color":"","overlay-gradient":""},"mobile":{"background-color":"","background-image":"","background-repeat":"repeat","background-position":"center center","background-size":"auto","background-attachment":"scroll","background-type":"","background-media":"","overlay-type":"","overlay-color":"","overlay-gradient":""}},"ast-content-background-meta":{"desktop":{"background-color":"var(--ast-global-color-5)","background-image":"","background-repeat":"repeat","background-position":"center center","background-size":"auto","background-attachment":"scroll","background-type":"","background-media":"","overlay-type":"","overlay-color":"","overlay-gradient":""},"tablet":{"background-color":"var(--ast-global-color-5)","background-image":"","background-repeat":"repeat","background-position":"center center","background-size":"auto","background-attachment":"scroll","background-type":"","background-media":"","overlay-type":"","overlay-color":"","overlay-gradient":""},"mobile":{"background-color":"var(--ast-global-color-5)","background-image":"","background-repeat":"repeat","background-position":"center center","background-size":"auto","background-attachment":"scroll","background-type":"","background-media":"","overlay-type":"","overlay-color":"","overlay-gradient":""}},"footnotes":""},"class_list":["post-3951","page","type-page","status-publish","hentry"],"_links":{"self":[{"href":"https:\/\/www.loghouse.si\/de\/wp-json\/wp\/v2\/pages\/3951","targetHints":{"allow":["GET"]}}],"collection":[{"href":"https:\/\/www.loghouse.si\/de\/wp-json\/wp\/v2\/pages"}],"about":[{"href":"https:\/\/www.loghouse.si\/de\/wp-json\/wp\/v2\/types\/page"}],"author":[{"embeddable":true,"href":"https:\/\/www.loghouse.si\/de\/wp-json\/wp\/v2\/users\/1"}],"replies":[{"embeddable":true,"href":"https:\/\/www.loghouse.si\/de\/wp-json\/wp\/v2\/comments?post=3951"}],"version-history":[{"count":6,"href":"https:\/\/www.loghouse.si\/de\/wp-json\/wp\/v2\/pages\/3951\/revisions"}],"predecessor-version":[{"id":4108,"href":"https:\/\/www.loghouse.si\/de\/wp-json\/wp\/v2\/pages\/3951\/revisions\/4108"}],"wp:attachment":[{"href":"https:\/\/www.loghouse.si\/de\/wp-json\/wp\/v2\/media?parent=3951"}],"curies":[{"name":"wp","href":"https:\/\/api.w.org\/{rel}","templated":true}]}}