{"id":3972,"date":"2024-05-09T19:02:28","date_gmt":"2024-05-09T19:02:28","guid":{"rendered":"https:\/\/new.loghouse.si\/holzbau\/"},"modified":"2024-05-17T19:54:39","modified_gmt":"2024-05-17T19:54:39","slug":"holzbau","status":"publish","type":"page","link":"https:\/\/www.loghouse.si\/de\/holzbau\/","title":{"rendered":"Holzbau"},"content":{"rendered":"\t\t<div data-elementor-type=\"wp-page\" data-elementor-id=\"3972\" class=\"elementor elementor-3972 elementor-3134\">\n\t\t\t\t<div class=\"elementor-element elementor-element-ba132e7 e-con-full e-flex e-con e-parent\" data-id=\"ba132e7\" data-element_type=\"container\" data-settings=\"{&quot;background_background&quot;:&quot;classic&quot;}\">\n\t\t\t\t<div class=\"elementor-element elementor-element-a07de08 elementor-widget-mobile__width-initial elementor-widget elementor-widget-heading\" data-id=\"a07de08\" data-element_type=\"widget\" data-widget_type=\"heading.default\">\n\t\t\t\t<div class=\"elementor-widget-container\">\n\t\t\t<style>\/*! elementor - v3.21.0 - 22-05-2024 *\/\n.elementor-heading-title{padding:0;margin:0;line-height:1}.elementor-widget-heading .elementor-heading-title[class*=elementor-size-]>a{color:inherit;font-size:inherit;line-height:inherit}.elementor-widget-heading .elementor-heading-title.elementor-size-small{font-size:15px}.elementor-widget-heading .elementor-heading-title.elementor-size-medium{font-size:19px}.elementor-widget-heading .elementor-heading-title.elementor-size-large{font-size:29px}.elementor-widget-heading .elementor-heading-title.elementor-size-xl{font-size:39px}.elementor-widget-heading .elementor-heading-title.elementor-size-xxl{font-size:59px}<\/style><h2 class=\"elementor-heading-title elementor-size-default\">Lesen Sie auch:<\/h2>\t\t<\/div>\n\t\t\t\t<\/div>\n\t\t\t\t<\/div>\n\t\t<div class=\"elementor-element elementor-element-b81651b e-flex e-con-boxed e-con e-parent\" data-id=\"b81651b\" data-element_type=\"container\" data-settings=\"{&quot;background_background&quot;:&quot;classic&quot;}\">\n\t\t\t\t\t<div class=\"e-con-inner\">\n\t\t\t\t<div class=\"elementor-element elementor-element-4332451 elementor-widget__width-inherit elementor-widget-mobile__width-initial elementor-widget elementor-widget-text-editor\" data-id=\"4332451\" data-element_type=\"widget\" data-widget_type=\"text-editor.default\">\n\t\t\t\t<div class=\"elementor-widget-container\">\n\t\t\t<style>\/*! elementor - v3.21.0 - 22-05-2024 *\/\n.elementor-widget-text-editor.elementor-drop-cap-view-stacked .elementor-drop-cap{background-color:#69727d;color:#fff}.elementor-widget-text-editor.elementor-drop-cap-view-framed .elementor-drop-cap{color:#69727d;border:3px solid;background-color:transparent}.elementor-widget-text-editor:not(.elementor-drop-cap-view-default) .elementor-drop-cap{margin-top:8px}.elementor-widget-text-editor:not(.elementor-drop-cap-view-default) .elementor-drop-cap-letter{width:1em;height:1em}.elementor-widget-text-editor .elementor-drop-cap{float:left;text-align:center;line-height:1;font-size:50px}.elementor-widget-text-editor .elementor-drop-cap-letter{display:inline-block}<\/style>\t\t\t\t<p><strong>Holzbau<\/strong><\/p>\n\t\t\t\t\t\t<\/div>\n\t\t\t\t<\/div>\n\t\t\t\t\t<\/div>\n\t\t\t\t<\/div>\n\t\t<div class=\"elementor-element elementor-element-1f1ad96 e-flex e-con-boxed e-con e-parent\" data-id=\"1f1ad96\" data-element_type=\"container\" data-settings=\"{&quot;background_background&quot;:&quot;classic&quot;}\">\n\t\t\t\t\t<div class=\"e-con-inner\">\n\t\t\t\t<div class=\"elementor-element elementor-element-77aa092 elementor-widget__width-inherit elementor-widget-mobile__width-initial elementor-widget elementor-widget-text-editor\" data-id=\"77aa092\" data-element_type=\"widget\" data-widget_type=\"text-editor.default\">\n\t\t\t\t<div class=\"elementor-widget-container\">\n\t\t\t\t\t\t\t<p>Holzbau ist die Mission unseres Unternehmens LogHOUSE d. o. o. \u00d6. \u00d6. Damit f\u00fchren wir die langj\u00e4hrige Tradition des Hausbaus aus Holz fort. In unserem Verkaufsprogramm finden Sie wundersch\u00f6ne Holzh\u00e4user aus Massivholz, Blockh\u00fctten, Bungalows, Gartenh\u00e4user und sogar Mobilheime aus Holz, die sich immer gr\u00f6\u00dferer Beliebtheit erfreuen.<\/p>\n<p>Ein Haus aus Holz (auch Blockhaus) geh\u00f6rt zu den ges\u00fcndesten Wohnumgebungen, da Holz ein Material mit vielen Vorteilen ist. Es ist ein langlebiges und flexibles Material, das sich perfekt formen l\u00e4sst, es lebt und atmet, es reguliert die Luftfeuchtigkeit in den R\u00e4umen und ist gleichzeitig ein hervorragender W\u00e4rme- und Schallisolator. Als Baustoff ist es solide, zuverl\u00e4ssig und \u00f6kologisch sowie \u00e4u\u00dferst wirtschaftlich. Es ist zudem \u00f6kologischer und \u00f6konomischer Holzbau, der neben allem anderen auch sehr innovativ sein kann.<\/p>\n<p><img fetchpriority=\"high\" decoding=\"async\" title=\"Haus aus Holz\" src=\"https:\/\/www.loghouse.si\/files\/avstrijske-hise\/LEHNER.jpg\" alt=\"Haus aus Holz\" width=\"660\" height=\"495\"><\/p>\n<p>Wir bieten unseren Kunden die M\u00f6glichkeit, an der Planung mitzuwirken, sodass sie ihr Zuhause oder Wochenende ganz nach ihren W\u00fcnschen gestalten k\u00f6nnen. Wir arbeiten von Anfang bis Ende mit ihnen zusammen; alles von der Konzeption bis zum Einzug.<\/p>\n<p>Tatsache ist, dass die blo\u00dfe Kenntnis der Eigenschaften von Holz nicht ausreicht, um den Bau von Holzh\u00e4usern tats\u00e4chlich korrekt durchzuf\u00fchren. Es ist \u00e4u\u00dferst wichtig, dass das beste Material ausgew\u00e4hlt wird. Holz muss so verarbeitet werden, dass seine guten Eigenschaften zum Ausdruck kommen und seine Schw\u00e4chen minimiert werden. Au\u00dferdem ist es gut zu wissen, wie sich Holz im eingebauten Zustand verh\u00e4lt, was man von ihm erwarten kann und was nicht. Dabei helfen Ihnen unser Fachwissen und unsere Erfahrung, die wir in langj\u00e4hriger T\u00e4tigkeit und Zusammenarbeit mit den besten Anbietern von Holzh\u00e4usern in Europa gesammelt haben.<\/p>\n<p><img decoding=\"async\" title=\"Holzhaus Bau\" src=\"https:\/\/www.loghouse.si\/files\/Golmajer\/2.jpg\" alt=\"Holzhaus Bau\" width=\"660\" height=\"495\"><\/p>\n<p><strong>Ein Holzhaus nach Ihren W\u00fcnschen und unserer kompetenten Beratung<\/strong><\/p>\n<p>Wie Holzh\u00e4user hergestellt werden, h\u00e4ngt vor allem von den W\u00fcnschen der Kunden ab, denen wir jederzeit mit fachkundiger Beratung zur Seite stehen. Es ist auch m\u00f6glich, Holzh\u00e4user in Etappen zu bauen, wobei Sie sich f\u00fcr die Bauphase, die alle Strukturelemente des Hauses und die Tischlerei umfasst, oder f\u00fcr die Standardphase, die eine Weiterentwicklung der letzteren darstellt, entscheiden k\u00f6nnen Dazu geh\u00f6ren D\u00e4mmstoffe, Innen- oder Au\u00dfenwandverkleidungen, Innent\u00fcren und Treppen sowie Bodenbel\u00e4ge.<\/p>\n<p>F\u00fcr diejenigen, die schnellstm\u00f6glich einziehen m\u00f6chten, steht ein schl\u00fcsselfertiges Holzhaus zur Verf\u00fcgung. Vor allem ist diese Umsetzung f\u00fcr den Kunden \u00e4u\u00dferst komfortabel, da wir uns selbst um die Dokumentation k\u00fcmmern, Subunternehmer stellen, die Materialanlieferung, die Abfallentsorgung und alles, was dazu geh\u00f6rt, organisieren. Die Kunden m\u00fcssen sich praktisch keine Sorgen machen, sie k\u00f6nnen dem Holzbau einfach zusehen und warten, bis die Arbeiten abgeschlossen sind.<\/p>\n<p><img decoding=\"async\" title=\"Holzbau\" src=\"https:\/\/www.loghouse.si\/files\/JENKO\/11.jpg\" alt=\"Holzbau\" width=\"660\" height=\"495\"><\/p>\n<p>Ein weiteres Argument f\u00fcr die Entscheidung, ein Holzhaus oder ein Blockhaus zu bauen, ist die Tatsache, dass die Bauzeit kurz ist und das Haus in etwa f\u00fcnf Monaten nach Erhalt der Baugenehmigung bezogen werden kann. Ein Holzhaus (Blockhaus) f\u00fcr mehrere Generationen. Die Mindestlebensdauer betr\u00e4gt bei regelm\u00e4\u00dfiger Wartung mehr als 100 Jahre.<\/p>\n<p><strong>Bau von Holzh\u00e4usern mit Innen- oder Au\u00dfend\u00e4mmung<\/strong><\/p>\n<p>Beim Bau von Holzh\u00e4usern verwenden wir eine Innen- oder Au\u00dfend\u00e4mmung. Der Fertigbau eines Holzhauses, bei dem wir eine Innend\u00e4mmung w\u00fcnschen, erfolgt so, dass die Baumst\u00e4mme das grundlegende Strukturelement und auch die \u00e4u\u00dfere Fassadenschicht des Hauses bilden. Die Balken, die dem Haus ein heimeliges und warmes Aussehen verleihen, werden an den Ecken mit einem klassischen, traditionellen Kreuzstich zusammengebunden. Die Au\u00dfenw\u00e4nde werden innen zus\u00e4tzlich w\u00e4rmeged\u00e4mmt und die D\u00e4mmung wird an die Anforderungen des Bauherrn angepasst. Nach Abschluss der Montagearbeiten k\u00f6nnen die Innenw\u00e4nde mit Gipskartonplatten oder Holzverkleidungen verkleidet werden.<\/p>\n<p>An dieser Stelle ist zu erw\u00e4hnen, dass das D\u00e4mmsystem je nach Verwendungszweck unterschiedlich ist Nutzen der Anlage. Wenn Sie ein Wochenendhaus wollen, das Sie nur in den Sommermonaten nutzen, dann brauchen Sie sicherlich nicht die Isolierung, die f\u00fcr Geb\u00e4ude, die als Dauerwohnsitz dienen, erforderlich ist.<\/p>\n<p>Durch die Holzkonstruktion des Hauses mit Au\u00dfend\u00e4mmung ist der Baumstamm im gr\u00f6\u00dften Teil des Innenraums sichtbar, was dem Raum Gem\u00fctlichkeit und W\u00e4rme verleiht. In diesem Fall werden die Au\u00dfenw\u00e4nde au\u00dfen ged\u00e4mmt. Die Au\u00dfenseite wird als Holzfassade ausgef\u00fchrt oder die Fassade wird mit klassischem Putz veredelt. Auch die Au\u00dfend\u00e4mmung wird entsprechend dem Zweck des Geb\u00e4udes gew\u00e4hlt.<\/p>\n<p>F\u00fcr den Fall, dass ein Haus aus Holz Ihr gro\u00dfer Wunsch ist, Sie es sich aber aus st\u00e4dtebaulichen Gr\u00fcnden nicht leisten k\u00f6nnen, k\u00f6nnen wir die Au\u00dfenw\u00e4nde in einer klassischen Fassade mit Putz verkleiden. Bruna bleibt im Innenraum sichtbar und Sie werden alles genie\u00dfen, was ein Haus aus Holz zu bieten hat.<\/p>\n<p>Werfen Sie einen Blick auf unsere Website, dort finden Sie viele weitere Informationen und Antworten auf Ihre Fragen. Rufen Sie uns an oder schreiben Sie uns, wir schenken Ihnen gerne unsere Zeit.<\/p>\n\t\t\t\t\t\t<\/div>\n\t\t\t\t<\/div>\n\t\t\t\t\t<\/div>\n\t\t\t\t<\/div>\n\t\t<div class=\"elementor-element elementor-element-bd4d4ab e-con-full e-flex e-con e-child\" data-id=\"bd4d4ab\" data-element_type=\"container\" data-settings=\"{&quot;background_background&quot;:&quot;classic&quot;}\">\n\t\t\t\t<div class=\"elementor-element elementor-element-241a986 elementor-widget__width-initial elementor-widget-mobile__width-initial elementor-invisible elementor-widget elementor-widget-heading\" data-id=\"241a986\" data-element_type=\"widget\" data-settings=\"{&quot;_animation&quot;:&quot;slideInLeft&quot;}\" data-widget_type=\"heading.default\">\n\t\t\t\t<div class=\"elementor-widget-container\">\n\t\t\t<h2 class=\"elementor-heading-title elementor-size-default\">Senden Sie noch heute Ihre Anfrage!<\/h2>\t\t<\/div>\n\t\t\t\t<\/div>\n\t\t\t\t<div class=\"elementor-element elementor-element-6f3cbef elementor-widget__width-initial elementor-widget-mobile__width-initial elementor-invisible elementor-widget elementor-widget-heading\" data-id=\"6f3cbef\" data-element_type=\"widget\" data-settings=\"{&quot;_animation&quot;:&quot;slideInLeft&quot;}\" data-widget_type=\"heading.default\">\n\t\t\t\t<div class=\"elementor-widget-container\">\n\t\t\t<h2 class=\"elementor-heading-title elementor-size-default\"><a href=\"mailto:info@loghouse.si\">info@loghouse.si oder per Telefon: +386 8 205 8491 \/ 386 8 205 8490<\/a><\/h2>\t\t<\/div>\n\t\t\t\t<\/div>\n\t\t\t\t<\/div>\n\t\t\t\t<\/div>\n\t\t","protected":false},"excerpt":{"rendered":"<p>Lesen Sie auch: Holzbau Holzbau ist die Mission unseres Unternehmens LogHOUSE d. o. o. \u00d6. \u00d6. Damit f\u00fchren wir die langj\u00e4hrige Tradition des Hausbaus aus Holz fort. In unserem Verkaufsprogramm finden Sie wundersch\u00f6ne Holzh\u00e4user aus Massivholz, Blockh\u00fctten, Bungalows, Gartenh\u00e4user und sogar Mobilheime aus Holz, die sich immer gr\u00f6\u00dferer Beliebtheit erfreuen. Ein Haus aus Holz (auch [&hellip;]<\/p>\n","protected":false},"author":1,"featured_media":0,"parent":0,"menu_order":0,"comment_status":"closed","ping_status":"closed","template":"","meta":{"site-sidebar-layout":"no-sidebar","site-content-layout":"page-builder","ast-site-content-layout":"full-width-container","site-content-style":"default","site-sidebar-style":"default","ast-global-header-display":"","ast-banner-title-visibility":"","ast-main-header-display":"","ast-hfb-above-header-display":"","ast-hfb-below-header-display":"","ast-hfb-mobile-header-display":"","site-post-title":"disabled","ast-breadcrumbs-content":"","ast-featured-img":"disabled","footer-sml-layout":"","theme-transparent-header-meta":"","adv-header-id-meta":"","stick-header-meta":"","header-above-stick-meta":"","header-main-stick-meta":"","header-below-stick-meta":"","astra-migrate-meta-layouts":"default","ast-page-background-enabled":"default","ast-page-background-meta":{"desktop":{"background-color":"","background-image":"","background-repeat":"repeat","background-position":"center center","background-size":"auto","background-attachment":"scroll","background-type":"","background-media":"","overlay-type":"","overlay-color":"","overlay-gradient":""},"tablet":{"background-color":"","background-image":"","background-repeat":"repeat","background-position":"center center","background-size":"auto","background-attachment":"scroll","background-type":"","background-media":"","overlay-type":"","overlay-color":"","overlay-gradient":""},"mobile":{"background-color":"","background-image":"","background-repeat":"repeat","background-position":"center center","background-size":"auto","background-attachment":"scroll","background-type":"","background-media":"","overlay-type":"","overlay-color":"","overlay-gradient":""}},"ast-content-background-meta":{"desktop":{"background-color":"var(--ast-global-color-5)","background-image":"","background-repeat":"repeat","background-position":"center center","background-size":"auto","background-attachment":"scroll","background-type":"","background-media":"","overlay-type":"","overlay-color":"","overlay-gradient":""},"tablet":{"background-color":"var(--ast-global-color-5)","background-image":"","background-repeat":"repeat","background-position":"center center","background-size":"auto","background-attachment":"scroll","background-type":"","background-media":"","overlay-type":"","overlay-color":"","overlay-gradient":""},"mobile":{"background-color":"var(--ast-global-color-5)","background-image":"","background-repeat":"repeat","background-position":"center center","background-size":"auto","background-attachment":"scroll","background-type":"","background-media":"","overlay-type":"","overlay-color":"","overlay-gradient":""}},"footnotes":""},"class_list":["post-3972","page","type-page","status-publish","hentry"],"_links":{"self":[{"href":"https:\/\/www.loghouse.si\/de\/wp-json\/wp\/v2\/pages\/3972","targetHints":{"allow":["GET"]}}],"collection":[{"href":"https:\/\/www.loghouse.si\/de\/wp-json\/wp\/v2\/pages"}],"about":[{"href":"https:\/\/www.loghouse.si\/de\/wp-json\/wp\/v2\/types\/page"}],"author":[{"embeddable":true,"href":"https:\/\/www.loghouse.si\/de\/wp-json\/wp\/v2\/users\/1"}],"replies":[{"embeddable":true,"href":"https:\/\/www.loghouse.si\/de\/wp-json\/wp\/v2\/comments?post=3972"}],"version-history":[{"count":2,"href":"https:\/\/www.loghouse.si\/de\/wp-json\/wp\/v2\/pages\/3972\/revisions"}],"predecessor-version":[{"id":4111,"href":"https:\/\/www.loghouse.si\/de\/wp-json\/wp\/v2\/pages\/3972\/revisions\/4111"}],"wp:attachment":[{"href":"https:\/\/www.loghouse.si\/de\/wp-json\/wp\/v2\/media?parent=3972"}],"curies":[{"name":"wp","href":"https:\/\/api.w.org\/{rel}","templated":true}]}}