{"id":6808,"date":"2024-08-27T06:07:14","date_gmt":"2024-08-27T06:07:14","guid":{"rendered":"https:\/\/www.loghouse.si\/blockhaus-iris\/"},"modified":"2025-10-16T09:27:05","modified_gmt":"2025-10-16T09:27:05","slug":"blockhaus-iris","status":"publish","type":"page","link":"https:\/\/www.loghouse.si\/de\/blockhaus-iris\/","title":{"rendered":"Blockhaus Iris"},"content":{"rendered":"\t\t<div data-elementor-type=\"wp-page\" data-elementor-id=\"6808\" class=\"elementor elementor-6808 elementor-5005\">\n\t\t\t\t<div class=\"elementor-element elementor-element-90610fb e-con-full e-flex e-con e-parent\" data-id=\"90610fb\" data-element_type=\"container\" data-settings=\"{&quot;background_background&quot;:&quot;classic&quot;}\">\n\t\t<div class=\"elementor-element elementor-element-4e97e32 e-con-full e-flex e-con e-child\" data-id=\"4e97e32\" data-element_type=\"container\">\n\t\t\t\t<div class=\"elementor-element elementor-element-45cfcb8 elementor-invisible elementor-widget elementor-widget-heading\" data-id=\"45cfcb8\" data-element_type=\"widget\" data-settings=\"{&quot;_animation&quot;:&quot;slideInLeft&quot;}\" data-widget_type=\"heading.default\">\n\t\t\t\t<div class=\"elementor-widget-container\">\n\t\t\t<style>\/*! elementor - v3.21.0 - 22-05-2024 *\/\n.elementor-heading-title{padding:0;margin:0;line-height:1}.elementor-widget-heading .elementor-heading-title[class*=elementor-size-]>a{color:inherit;font-size:inherit;line-height:inherit}.elementor-widget-heading .elementor-heading-title.elementor-size-small{font-size:15px}.elementor-widget-heading .elementor-heading-title.elementor-size-medium{font-size:19px}.elementor-widget-heading .elementor-heading-title.elementor-size-large{font-size:29px}.elementor-widget-heading .elementor-heading-title.elementor-size-xl{font-size:39px}.elementor-widget-heading .elementor-heading-title.elementor-size-xxl{font-size:59px}<\/style><h2 class=\"elementor-heading-title elementor-size-default\">Blockhaus<\/h2>\t\t<\/div>\n\t\t\t\t<\/div>\n\t\t\t\t<div class=\"elementor-element elementor-element-09b6e9c elementor-widget__width-initial elementor-widget-mobile__width-initial elementor-invisible elementor-widget elementor-widget-heading\" data-id=\"09b6e9c\" data-element_type=\"widget\" data-settings=\"{&quot;_animation&quot;:&quot;slideInLeft&quot;}\" data-widget_type=\"heading.default\">\n\t\t\t\t<div class=\"elementor-widget-container\">\n\t\t\t<h2 class=\"elementor-heading-title elementor-size-default\">IRIS<\/h2>\t\t<\/div>\n\t\t\t\t<\/div>\n\t\t\t\t<\/div>\n\t\t\t\t<\/div>\n\t\t<div class=\"elementor-element elementor-element-a777f48 e-flex e-con-boxed e-con e-parent\" data-id=\"a777f48\" data-element_type=\"container\" data-settings=\"{&quot;background_background&quot;:&quot;classic&quot;}\">\n\t\t\t\t\t<div class=\"e-con-inner\">\n\t\t\t\t<div class=\"elementor-element elementor-element-c2eefd3 elementor-invisible elementor-widget elementor-widget-testimonial\" data-id=\"c2eefd3\" data-element_type=\"widget\" data-settings=\"{&quot;_animation&quot;:&quot;slideInDown&quot;}\" data-widget_type=\"testimonial.default\">\n\t\t\t\t<div class=\"elementor-widget-container\">\n\t\t\t<style>\/*! elementor - v3.21.0 - 22-05-2024 *\/\n.elementor-testimonial-wrapper{overflow:hidden;text-align:center}.elementor-testimonial-wrapper .elementor-testimonial-content{font-size:1.3em;margin-bottom:20px}.elementor-testimonial-wrapper .elementor-testimonial-name{line-height:1.5;display:block}.elementor-testimonial-wrapper .elementor-testimonial-job{font-size:.85em;display:block}.elementor-testimonial-wrapper .elementor-testimonial-meta{width:100%;line-height:1}.elementor-testimonial-wrapper .elementor-testimonial-meta-inner{display:inline-block}.elementor-testimonial-wrapper .elementor-testimonial-meta .elementor-testimonial-details,.elementor-testimonial-wrapper .elementor-testimonial-meta .elementor-testimonial-image{display:table-cell;vertical-align:middle}.elementor-testimonial-wrapper .elementor-testimonial-meta .elementor-testimonial-image img{width:60px;height:60px;border-radius:50%;-o-object-fit:cover;object-fit:cover;max-width:none}.elementor-testimonial-wrapper .elementor-testimonial-meta.elementor-testimonial-image-position-aside .elementor-testimonial-image{padding-inline-end:15px}.elementor-testimonial-wrapper .elementor-testimonial-meta.elementor-testimonial-image-position-aside .elementor-testimonial-details{text-align:start}.elementor-testimonial-wrapper .elementor-testimonial-meta.elementor-testimonial-image-position-top .elementor-testimonial-details,.elementor-testimonial-wrapper .elementor-testimonial-meta.elementor-testimonial-image-position-top .elementor-testimonial-image{display:block}.elementor-testimonial-wrapper .elementor-testimonial-meta.elementor-testimonial-image-position-top .elementor-testimonial-image{margin-bottom:20px}<\/style>\t\t<div class=\"elementor-testimonial-wrapper\">\n\t\t\t\t\t\t\t<div class=\"elementor-testimonial-content\"><p>Lernen Sie Iris kennen. Ein massives Holzhaus mit langem Dach\u00fcberstand, der eine charakteristische Form verleihen und das Haus noch besser vor Regen sch\u00fctz. <\/p>\n<\/div>\n\t\t\t\n\t\t\t\t\t\t<div class=\"elementor-testimonial-meta\">\n\t\t\t\t<div class=\"elementor-testimonial-meta-inner\">\n\t\t\t\t\t\n\t\t\t\t\t\t\t\t\t\t<div class=\"elementor-testimonial-details\">\n\t\t\t\t\t\t\t\t\t\t\t\t\t\t<div class=\"elementor-testimonial-name\">Brunarica Iris \/ 74 m2 nutzbare Wohnfl\u00e4che.<\/div>\n\t\t\t\t\t\t\t\t\t\t\t\t\t\t\t\t\t\t\t<\/div>\n\t\t\t\t\t\t\t\t\t<\/div>\n\t\t\t<\/div>\n\t\t\t\t\t<\/div>\n\t\t\t\t<\/div>\n\t\t\t\t<\/div>\n\t\t\t\t\t<\/div>\n\t\t\t\t<\/div>\n\t\t<div class=\"elementor-element elementor-element-915a0a4 e-grid e-con-boxed e-con e-parent\" data-id=\"915a0a4\" data-element_type=\"container\">\n\t\t\t\t\t<div class=\"e-con-inner\">\n\t\t<div class=\"elementor-element elementor-element-371580b e-flex e-con-boxed e-con e-child\" data-id=\"371580b\" data-element_type=\"container\">\n\t\t\t\t\t<div class=\"e-con-inner\">\n\t\t\t\t<div class=\"elementor-element elementor-element-11f97dd elementor-widget elementor-widget-image\" data-id=\"11f97dd\" data-element_type=\"widget\" data-widget_type=\"image.default\">\n\t\t\t\t<div class=\"elementor-widget-container\">\n\t\t\t<style>\/*! elementor - v3.21.0 - 22-05-2024 *\/\n.elementor-widget-image{text-align:center}.elementor-widget-image a{display:inline-block}.elementor-widget-image a img[src$=\".svg\"]{width:48px}.elementor-widget-image img{vertical-align:middle;display:inline-block}<\/style>\t\t\t\t\t\t\t\t\t\t<img fetchpriority=\"high\" decoding=\"async\" width=\"900\" height=\"776\" src=\"https:\/\/www.loghouse.si\/wp-content\/uploads\/2024\/08\/masivna-lesena-hisa-iris2.jpg\" class=\"attachment-large size-large wp-image-5012\" alt=\"\" srcset=\"https:\/\/www.loghouse.si\/wp-content\/uploads\/2024\/08\/masivna-lesena-hisa-iris2.jpg 900w, https:\/\/www.loghouse.si\/wp-content\/uploads\/2024\/08\/masivna-lesena-hisa-iris2-300x259.jpg 300w, https:\/\/www.loghouse.si\/wp-content\/uploads\/2024\/08\/masivna-lesena-hisa-iris2-768x662.jpg 768w\" sizes=\"(max-width: 900px) 100vw, 900px\" \/>\t\t\t\t\t\t\t\t\t\t\t\t\t<\/div>\n\t\t\t\t<\/div>\n\t\t\t\t<div class=\"elementor-element elementor-element-2f54110 elementor-widget elementor-widget-text-editor\" data-id=\"2f54110\" data-element_type=\"widget\" data-widget_type=\"text-editor.default\">\n\t\t\t\t<div class=\"elementor-widget-container\">\n\t\t\t<style>\/*! elementor - v3.21.0 - 22-05-2024 *\/\n.elementor-widget-text-editor.elementor-drop-cap-view-stacked .elementor-drop-cap{background-color:#69727d;color:#fff}.elementor-widget-text-editor.elementor-drop-cap-view-framed .elementor-drop-cap{color:#69727d;border:3px solid;background-color:transparent}.elementor-widget-text-editor:not(.elementor-drop-cap-view-default) .elementor-drop-cap{margin-top:8px}.elementor-widget-text-editor:not(.elementor-drop-cap-view-default) .elementor-drop-cap-letter{width:1em;height:1em}.elementor-widget-text-editor .elementor-drop-cap{float:left;text-align:center;line-height:1;font-size:50px}.elementor-widget-text-editor .elementor-drop-cap-letter{display:inline-block}<\/style>\t\t\t\t<p>Der lange Dach\u00fcberstand verleiht diesem Haus ein unverwechselbares Aussehen.<\/p>\n\t\t\t\t\t\t<\/div>\n\t\t\t\t<\/div>\n\t\t\t\t\t<\/div>\n\t\t\t\t<\/div>\n\t\t<div class=\"elementor-element elementor-element-993ecd3 e-flex e-con-boxed e-con e-child\" data-id=\"993ecd3\" data-element_type=\"container\">\n\t\t\t\t\t<div class=\"e-con-inner\">\n\t\t\t\t<div class=\"elementor-element elementor-element-5a0cd7a elementor-widget elementor-widget-image\" data-id=\"5a0cd7a\" data-element_type=\"widget\" data-widget_type=\"image.default\">\n\t\t\t\t<div class=\"elementor-widget-container\">\n\t\t\t\t\t\t\t\t\t\t\t\t\t<img decoding=\"async\" width=\"900\" height=\"776\" src=\"https:\/\/www.loghouse.si\/wp-content\/uploads\/2024\/08\/masivna-lesena-hisa-iris4.jpg\" class=\"attachment-large size-large wp-image-5015\" alt=\"\" srcset=\"https:\/\/www.loghouse.si\/wp-content\/uploads\/2024\/08\/masivna-lesena-hisa-iris4.jpg 900w, https:\/\/www.loghouse.si\/wp-content\/uploads\/2024\/08\/masivna-lesena-hisa-iris4-300x259.jpg 300w, https:\/\/www.loghouse.si\/wp-content\/uploads\/2024\/08\/masivna-lesena-hisa-iris4-768x662.jpg 768w\" sizes=\"(max-width: 900px) 100vw, 900px\" \/>\t\t\t\t\t\t\t\t\t\t\t\t\t<\/div>\n\t\t\t\t<\/div>\n\t\t\t\t<div class=\"elementor-element elementor-element-2d34f9d elementor-widget elementor-widget-text-editor\" data-id=\"2d34f9d\" data-element_type=\"widget\" data-widget_type=\"text-editor.default\">\n\t\t\t\t<div class=\"elementor-widget-container\">\n\t\t\t\t\t\t\t<p>Gro\u00dfe und vertikale Glasfl\u00e4chen sorgen f\u00fcr ausreichend Licht und vergr\u00f6\u00dfern die Innenr\u00e4ume optisch.<\/p>\n\t\t\t\t\t\t<\/div>\n\t\t\t\t<\/div>\n\t\t\t\t\t<\/div>\n\t\t\t\t<\/div>\n\t\t<div class=\"elementor-element elementor-element-36f3181 e-flex e-con-boxed e-con e-child\" data-id=\"36f3181\" data-element_type=\"container\">\n\t\t\t\t\t<div class=\"e-con-inner\">\n\t\t\t\t<div class=\"elementor-element elementor-element-4da0241 elementor-widget elementor-widget-image\" data-id=\"4da0241\" data-element_type=\"widget\" data-widget_type=\"image.default\">\n\t\t\t\t<div class=\"elementor-widget-container\">\n\t\t\t\t\t\t\t\t\t\t\t\t\t<img decoding=\"async\" width=\"900\" height=\"776\" src=\"https:\/\/www.loghouse.si\/wp-content\/uploads\/2024\/08\/masivna-lesena-hisa-iris5.jpg\" class=\"attachment-large size-large wp-image-5018\" alt=\"\" srcset=\"https:\/\/www.loghouse.si\/wp-content\/uploads\/2024\/08\/masivna-lesena-hisa-iris5.jpg 900w, https:\/\/www.loghouse.si\/wp-content\/uploads\/2024\/08\/masivna-lesena-hisa-iris5-300x259.jpg 300w, https:\/\/www.loghouse.si\/wp-content\/uploads\/2024\/08\/masivna-lesena-hisa-iris5-768x662.jpg 768w\" sizes=\"(max-width: 900px) 100vw, 900px\" \/>\t\t\t\t\t\t\t\t\t\t\t\t\t<\/div>\n\t\t\t\t<\/div>\n\t\t\t\t<div class=\"elementor-element elementor-element-a55fb10 elementor-widget elementor-widget-text-editor\" data-id=\"a55fb10\" data-element_type=\"widget\" data-widget_type=\"text-editor.default\">\n\t\t\t\t<div class=\"elementor-widget-container\">\n\t\t\t\t\t\t\t<p>Blick auf die R\u00fcckseite des Hauses.<\/p>\n\t\t\t\t\t\t<\/div>\n\t\t\t\t<\/div>\n\t\t\t\t\t<\/div>\n\t\t\t\t<\/div>\n\t\t\t\t\t<\/div>\n\t\t\t\t<\/div>\n\t\t<div class=\"elementor-element elementor-element-b92fd48 e-con-full e-flex e-con e-parent\" data-id=\"b92fd48\" data-element_type=\"container\" data-settings=\"{&quot;background_background&quot;:&quot;classic&quot;}\">\n\t\t\t\t<\/div>\n\t\t<div class=\"elementor-element elementor-element-2776271 e-grid e-con-boxed e-con e-parent\" data-id=\"2776271\" data-element_type=\"container\">\n\t\t\t\t\t<div class=\"e-con-inner\">\n\t\t<div class=\"elementor-element elementor-element-dfb5851 e-flex e-con-boxed e-con e-child\" data-id=\"dfb5851\" data-element_type=\"container\">\n\t\t\t\t\t<div class=\"e-con-inner\">\n\t\t\t\t<div class=\"elementor-element elementor-element-22b1f15 elementor-widget elementor-widget-heading\" data-id=\"22b1f15\" data-element_type=\"widget\" data-widget_type=\"heading.default\">\n\t\t\t\t<div class=\"elementor-widget-container\">\n\t\t\t<h2 class=\"elementor-heading-title elementor-size-default\">Basisdaten<\/h2>\t\t<\/div>\n\t\t\t\t<\/div>\n\t\t\t\t<div class=\"elementor-element elementor-element-469c9ef elementor-widget__width-initial elementor-widget-mobile__width-initial elementor-widget elementor-widget-text-editor\" data-id=\"469c9ef\" data-element_type=\"widget\" data-widget_type=\"text-editor.default\">\n\t\t\t\t<div class=\"elementor-widget-container\">\n\t\t\t\t\t\t\t<p>Grundrissma\u00dfe: <strong>7,3 x 6,7 m<\/strong><\/p>\n<p>Firsth\u00f6he: <strong>7,5 m<\/strong><\/p>\n<p>Dachneigung: <strong>40 Grad<\/strong><\/p>\n<p>Bebaute Oberfl\u00e4che: <strong>48,9 m2<\/strong><\/p>\n<p>Nutzfl\u00e4che des Erdgeschosses: <strong>39,00 m2<\/strong><\/p>\n<p>Nutzbare Dachbodenfl\u00e4che: <strong>35,00 m2<\/strong><\/p>\n<p>Gesamtnutzfl\u00e4che: <strong>74 m2<\/strong><\/p>\n<p>Kniestockh\u00f6he:<strong> 149 cm<\/strong><\/p>\n\t\t\t\t\t\t<\/div>\n\t\t\t\t<\/div>\n\t\t\t\t\t<\/div>\n\t\t\t\t<\/div>\n\t\t\t\t\t<\/div>\n\t\t\t\t<\/div>\n\t\t<div class=\"elementor-element elementor-element-350ce92 e-grid e-con-boxed e-con e-parent\" data-id=\"350ce92\" data-element_type=\"container\" data-settings=\"{&quot;background_background&quot;:&quot;classic&quot;}\">\n\t\t\t\t\t<div class=\"e-con-inner\">\n\t\t<div class=\"elementor-element elementor-element-79285fe e-flex e-con-boxed e-con e-child\" data-id=\"79285fe\" data-element_type=\"container\">\n\t\t\t\t\t<div class=\"e-con-inner\">\n\t\t\t\t<div class=\"elementor-element elementor-element-cba8644 elementor-widget elementor-widget-image\" data-id=\"cba8644\" data-element_type=\"widget\" data-widget_type=\"image.default\">\n\t\t\t\t<div class=\"elementor-widget-container\">\n\t\t\t\t\t\t\t\t\t\t\t\t\t\t<a href=\"https:\/\/www.loghouse.si\/wp-content\/uploads\/2024\/08\/tloris-pritlicja-masivne-lesene-hise-iris.jpg\" data-elementor-open-lightbox=\"yes\" data-elementor-lightbox-title=\"tloris pritli\u010dja masivne lesene hi\u0161e iris\" data-e-action-hash=\"#elementor-action%3Aaction%3Dlightbox%26settings%3DeyJpZCI6NTA0NCwidXJsIjoiaHR0cHM6XC9cL3d3dy5sb2dob3VzZS5zaVwvd3AtY29udGVudFwvdXBsb2Fkc1wvMjAyNFwvMDhcL3Rsb3Jpcy1wcml0bGljamEtbWFzaXZuZS1sZXNlbmUtaGlzZS1pcmlzLmpwZyJ9\">\n\t\t\t\t\t\t\t<img loading=\"lazy\" decoding=\"async\" width=\"700\" height=\"607\" src=\"https:\/\/www.loghouse.si\/wp-content\/uploads\/2024\/08\/tloris-pritlicja-masivne-lesene-hise-iris.jpg\" class=\"attachment-large size-large wp-image-5044\" alt=\"\" srcset=\"https:\/\/www.loghouse.si\/wp-content\/uploads\/2024\/08\/tloris-pritlicja-masivne-lesene-hise-iris.jpg 700w, https:\/\/www.loghouse.si\/wp-content\/uploads\/2024\/08\/tloris-pritlicja-masivne-lesene-hise-iris-300x260.jpg 300w\" sizes=\"(max-width: 700px) 100vw, 700px\" \/>\t\t\t\t\t\t\t\t<\/a>\n\t\t\t\t\t\t\t\t\t\t\t\t\t<\/div>\n\t\t\t\t<\/div>\n\t\t\t\t<div class=\"elementor-element elementor-element-e88be6b elementor-widget-mobile__width-initial elementor-widget elementor-widget-text-editor\" data-id=\"e88be6b\" data-element_type=\"widget\" data-widget_type=\"text-editor.default\">\n\t\t\t\t<div class=\"elementor-widget-container\">\n\t\t\t\t\t\t\t<p><strong>ERDGESCHOSS<\/strong><\/p>\n<p>1\/Vorraum: <strong>4,06 m2<\/strong><\/p>\n<p>2\/WC:<strong> 2,00 m2<\/strong><\/p>\n<p>3\/K\u00fcche: <strong>6,00 m2<\/strong><\/p>\n<p>4\/Utility:<strong> 2,12 m2<\/strong><\/p>\n<p>5\/Treppen: <strong>4,00<\/strong><strong> m2<\/strong><\/p>\n<p>6\/Wohnzimmer:<strong> 20,82 m2<\/strong><\/p>\n\t\t\t\t\t\t<\/div>\n\t\t\t\t<\/div>\n\t\t\t\t\t<\/div>\n\t\t\t\t<\/div>\n\t\t<div class=\"elementor-element elementor-element-9290966 e-flex e-con-boxed e-con e-child\" data-id=\"9290966\" data-element_type=\"container\">\n\t\t\t\t\t<div class=\"e-con-inner\">\n\t\t\t\t<div class=\"elementor-element elementor-element-b58c40c elementor-widget elementor-widget-image\" data-id=\"b58c40c\" data-element_type=\"widget\" data-widget_type=\"image.default\">\n\t\t\t\t<div class=\"elementor-widget-container\">\n\t\t\t\t\t\t\t\t\t\t\t\t\t\t<a href=\"https:\/\/www.loghouse.si\/wp-content\/uploads\/2024\/08\/tloris-mansarde-masivne-lesene-hise-iris.jpg\" data-elementor-open-lightbox=\"yes\" data-elementor-lightbox-title=\"tloris mansarde masivne lesene hi\u0161e iris\" data-e-action-hash=\"#elementor-action%3Aaction%3Dlightbox%26settings%3DeyJpZCI6NTA0NywidXJsIjoiaHR0cHM6XC9cL3d3dy5sb2dob3VzZS5zaVwvd3AtY29udGVudFwvdXBsb2Fkc1wvMjAyNFwvMDhcL3Rsb3Jpcy1tYW5zYXJkZS1tYXNpdm5lLWxlc2VuZS1oaXNlLWlyaXMuanBnIn0%3D\">\n\t\t\t\t\t\t\t<img loading=\"lazy\" decoding=\"async\" width=\"700\" height=\"607\" src=\"https:\/\/www.loghouse.si\/wp-content\/uploads\/2024\/08\/tloris-mansarde-masivne-lesene-hise-iris.jpg\" class=\"attachment-large size-large wp-image-5047\" alt=\"\" srcset=\"https:\/\/www.loghouse.si\/wp-content\/uploads\/2024\/08\/tloris-mansarde-masivne-lesene-hise-iris.jpg 700w, https:\/\/www.loghouse.si\/wp-content\/uploads\/2024\/08\/tloris-mansarde-masivne-lesene-hise-iris-300x260.jpg 300w\" sizes=\"(max-width: 700px) 100vw, 700px\" \/>\t\t\t\t\t\t\t\t<\/a>\n\t\t\t\t\t\t\t\t\t\t\t\t\t<\/div>\n\t\t\t\t<\/div>\n\t\t\t\t<div class=\"elementor-element elementor-element-b7ccf92 elementor-widget elementor-widget-text-editor\" data-id=\"b7ccf92\" data-element_type=\"widget\" data-widget_type=\"text-editor.default\">\n\t\t\t\t<div class=\"elementor-widget-container\">\n\t\t\t\t\t\t\t<p><strong>OBERGESCHOSS<\/strong><\/p>\n<p>7\/Flur:<strong> 1,80 m2<\/strong><\/p>\n<p>8\/Badezimmer:<strong> 6,32 m2<\/strong><\/p>\n<p>9\/Zimmer: <strong>9,45 m2<\/strong><\/p>\n<p>10\/Schlafzimmer:<strong> 17,42 m2<\/strong><\/p>\n\t\t\t\t\t\t<\/div>\n\t\t\t\t<\/div>\n\t\t\t\t\t<\/div>\n\t\t\t\t<\/div>\n\t\t\t\t\t<\/div>\n\t\t\t\t<\/div>\n\t\t<div class=\"elementor-element elementor-element-3695d77 e-grid e-con-boxed e-con e-parent\" data-id=\"3695d77\" data-element_type=\"container\">\n\t\t\t\t\t<div class=\"e-con-inner\">\n\t\t<div class=\"elementor-element elementor-element-1b4f2b3 e-flex e-con-boxed e-con e-child\" data-id=\"1b4f2b3\" data-element_type=\"container\">\n\t\t\t\t\t<div class=\"e-con-inner\">\n\t\t\t\t<div class=\"elementor-element elementor-element-f7f5edb elementor-invisible elementor-widget elementor-widget-heading\" data-id=\"f7f5edb\" data-element_type=\"widget\" data-settings=\"{&quot;_animation&quot;:&quot;slideInUp&quot;}\" data-widget_type=\"heading.default\">\n\t\t\t\t<div class=\"elementor-widget-container\">\n\t\t\t<h2 class=\"elementor-heading-title elementor-size-default\">Sie m\u00f6chten ein unverbindliches Angebot zum Iris Blockhaus?<\/h2>\t\t<\/div>\n\t\t\t\t<\/div>\n\t\t\t\t<div class=\"elementor-element elementor-element-0ac5f3c elementor-widget__width-initial elementor-widget-mobile__width-initial elementor-invisible elementor-widget elementor-widget-text-editor\" data-id=\"0ac5f3c\" data-element_type=\"widget\" data-settings=\"{&quot;_animation&quot;:&quot;slideInUp&quot;}\" data-widget_type=\"text-editor.default\">\n\t\t\t\t<div class=\"elementor-widget-container\">\n\t\t\t\t\t\t\t<p>Sie k\u00f6nnen das Blockhaus Iris in verschiedenen Bauphasen bestellen: 1. PHASE KONSTRUKTION, 2. PHASE STANDARD, 3. PHASE SCHL\u00dcSSELFERTIGER BAU. F\u00fcr eine informative Berechnung oder weitere Informationen schreiben Sie uns bitte an: <strong><a href=\"mailto:info@loghouse.si\">info@loghouse.si<\/a><\/strong> oder rufen Sie uns an unter: <a href=\"tel:38682058491\"><strong>+386 8 205 84 91<\/strong><\/a>    <\/p>\n\t\t\t\t\t\t<\/div>\n\t\t\t\t<\/div>\n\t\t\t\t\t<\/div>\n\t\t\t\t<\/div>\n\t\t\t\t\t<\/div>\n\t\t\t\t<\/div>\n\t\t<div class=\"elementor-element elementor-element-45e41b9 e-grid e-con-boxed e-con e-parent\" data-id=\"45e41b9\" data-element_type=\"container\" data-settings=\"{&quot;background_background&quot;:&quot;classic&quot;}\">\n\t\t\t\t\t<div class=\"e-con-inner\">\n\t\t<div class=\"elementor-element elementor-element-ab85e72 e-flex e-con-boxed e-con e-child\" data-id=\"ab85e72\" data-element_type=\"container\">\n\t\t\t\t\t<div class=\"e-con-inner\">\n\t\t\t\t<div class=\"elementor-element elementor-element-8c4f1ac elementor-widget elementor-widget-heading\" data-id=\"8c4f1ac\" data-element_type=\"widget\" data-widget_type=\"heading.default\">\n\t\t\t\t<div class=\"elementor-widget-container\">\n\t\t\t<h2 class=\"elementor-heading-title elementor-size-default\">IHRE W\u00dcNSCHE, IHR HAUS!<\/h2>\t\t<\/div>\n\t\t\t\t<\/div>\n\t\t\t\t<div class=\"elementor-element elementor-element-bf10473 elementor-widget__width-initial elementor-widget-mobile__width-initial elementor-widget elementor-widget-text-editor\" data-id=\"bf10473\" data-element_type=\"widget\" data-widget_type=\"text-editor.default\">\n\t\t\t\t<div class=\"elementor-widget-container\">\n\t\t\t\t\t\t\t<p>Ein individuelles Haus bedeutet bei uns weder einen h\u00f6heren Preis noch eine l\u00e4ngere Lieferzeit. Aber es bedeutet ein Zuhause, das an Ihre Bed\u00fcrfnisse angepasst ist. Schreiben Sie uns oder rufen Sie uns an und wir vereinbaren einen Termin, bei dem Sie uns Ihre W\u00fcnsche anvertrauen. <\/p>\n\t\t\t\t\t\t<\/div>\n\t\t\t\t<\/div>\n\t\t\t\t\t<\/div>\n\t\t\t\t<\/div>\n\t\t\t\t\t<\/div>\n\t\t\t\t<\/div>\n\t\t\t\t<\/div>\n\t\t","protected":false},"excerpt":{"rendered":"<p>Blockhaus IRIS Lernen Sie Iris kennen. Ein massives Holzhaus mit langem Dach\u00fcberstand, der eine charakteristische Form verleihen und das Haus noch besser vor Regen sch\u00fctz. Brunarica Iris \/ 74 m2 nutzbare Wohnfl\u00e4che. Der lange Dach\u00fcberstand verleiht diesem Haus ein unverwechselbares Aussehen. Gro\u00dfe und vertikale Glasfl\u00e4chen sorgen f\u00fcr ausreichend Licht und vergr\u00f6\u00dfern die Innenr\u00e4ume optisch. Blick [&hellip;]<\/p>\n","protected":false},"author":1,"featured_media":0,"parent":0,"menu_order":0,"comment_status":"closed","ping_status":"closed","template":"","meta":{"site-sidebar-layout":"no-sidebar","site-content-layout":"page-builder","ast-site-content-layout":"full-width-container","site-content-style":"unboxed","site-sidebar-style":"unboxed","ast-global-header-display":"","ast-banner-title-visibility":"","ast-main-header-display":"","ast-hfb-above-header-display":"","ast-hfb-below-header-display":"","ast-hfb-mobile-header-display":"","site-post-title":"disabled","ast-breadcrumbs-content":"","ast-featured-img":"disabled","footer-sml-layout":"","theme-transparent-header-meta":"enabled","adv-header-id-meta":"","stick-header-meta":"","header-above-stick-meta":"","header-main-stick-meta":"","header-below-stick-meta":"","astra-migrate-meta-layouts":"default","ast-page-background-enabled":"default","ast-page-background-meta":{"desktop":{"background-color":"","background-image":"","background-repeat":"repeat","background-position":"center center","background-size":"auto","background-attachment":"scroll","background-type":"","background-media":"","overlay-type":"","overlay-color":"","overlay-gradient":""},"tablet":{"background-color":"","background-image":"","background-repeat":"repeat","background-position":"center center","background-size":"auto","background-attachment":"scroll","background-type":"","background-media":"","overlay-type":"","overlay-color":"","overlay-gradient":""},"mobile":{"background-color":"","background-image":"","background-repeat":"repeat","background-position":"center center","background-size":"auto","background-attachment":"scroll","background-type":"","background-media":"","overlay-type":"","overlay-color":"","overlay-gradient":""}},"ast-content-background-meta":{"desktop":{"background-color":"var(--ast-global-color-5)","background-image":"","background-repeat":"repeat","background-position":"center center","background-size":"auto","background-attachment":"scroll","background-type":"","background-media":"","overlay-type":"","overlay-color":"","overlay-gradient":""},"tablet":{"background-color":"var(--ast-global-color-5)","background-image":"","background-repeat":"repeat","background-position":"center center","background-size":"auto","background-attachment":"scroll","background-type":"","background-media":"","overlay-type":"","overlay-color":"","overlay-gradient":""},"mobile":{"background-color":"var(--ast-global-color-5)","background-image":"","background-repeat":"repeat","background-position":"center center","background-size":"auto","background-attachment":"scroll","background-type":"","background-media":"","overlay-type":"","overlay-color":"","overlay-gradient":""}},"footnotes":""},"class_list":["post-6808","page","type-page","status-publish","hentry"],"_links":{"self":[{"href":"https:\/\/www.loghouse.si\/de\/wp-json\/wp\/v2\/pages\/6808","targetHints":{"allow":["GET"]}}],"collection":[{"href":"https:\/\/www.loghouse.si\/de\/wp-json\/wp\/v2\/pages"}],"about":[{"href":"https:\/\/www.loghouse.si\/de\/wp-json\/wp\/v2\/types\/page"}],"author":[{"embeddable":true,"href":"https:\/\/www.loghouse.si\/de\/wp-json\/wp\/v2\/users\/1"}],"replies":[{"embeddable":true,"href":"https:\/\/www.loghouse.si\/de\/wp-json\/wp\/v2\/comments?post=6808"}],"version-history":[{"count":11,"href":"https:\/\/www.loghouse.si\/de\/wp-json\/wp\/v2\/pages\/6808\/revisions"}],"predecessor-version":[{"id":7481,"href":"https:\/\/www.loghouse.si\/de\/wp-json\/wp\/v2\/pages\/6808\/revisions\/7481"}],"wp:attachment":[{"href":"https:\/\/www.loghouse.si\/de\/wp-json\/wp\/v2\/media?parent=6808"}],"curies":[{"name":"wp","href":"https:\/\/api.w.org\/{rel}","templated":true}]}}