{"id":6883,"date":"2024-08-27T09:17:18","date_gmt":"2024-08-27T09:17:18","guid":{"rendered":"https:\/\/www.loghouse.si\/blockhaus-kaja\/"},"modified":"2025-10-16T09:33:54","modified_gmt":"2025-10-16T09:33:54","slug":"blockhaus-kaja","status":"publish","type":"page","link":"https:\/\/www.loghouse.si\/de\/blockhaus-kaja\/","title":{"rendered":"Blockhaus Kaja"},"content":{"rendered":"\t\t<div data-elementor-type=\"wp-page\" data-elementor-id=\"6883\" class=\"elementor elementor-6883 elementor-5119\">\n\t\t\t\t<div class=\"elementor-element elementor-element-90610fb e-con-full e-flex e-con e-parent\" data-id=\"90610fb\" data-element_type=\"container\" data-settings=\"{&quot;background_background&quot;:&quot;classic&quot;}\">\n\t\t<div class=\"elementor-element elementor-element-4e97e32 e-con-full e-flex e-con e-child\" data-id=\"4e97e32\" data-element_type=\"container\">\n\t\t\t\t<div class=\"elementor-element elementor-element-45cfcb8 elementor-invisible elementor-widget elementor-widget-heading\" data-id=\"45cfcb8\" data-element_type=\"widget\" data-settings=\"{&quot;_animation&quot;:&quot;slideInLeft&quot;}\" data-widget_type=\"heading.default\">\n\t\t\t\t<div class=\"elementor-widget-container\">\n\t\t\t<style>\/*! elementor - v3.21.0 - 22-05-2024 *\/\n.elementor-heading-title{padding:0;margin:0;line-height:1}.elementor-widget-heading .elementor-heading-title[class*=elementor-size-]>a{color:inherit;font-size:inherit;line-height:inherit}.elementor-widget-heading .elementor-heading-title.elementor-size-small{font-size:15px}.elementor-widget-heading .elementor-heading-title.elementor-size-medium{font-size:19px}.elementor-widget-heading .elementor-heading-title.elementor-size-large{font-size:29px}.elementor-widget-heading .elementor-heading-title.elementor-size-xl{font-size:39px}.elementor-widget-heading .elementor-heading-title.elementor-size-xxl{font-size:59px}<\/style><h2 class=\"elementor-heading-title elementor-size-default\">Blockhaus<\/h2>\t\t<\/div>\n\t\t\t\t<\/div>\n\t\t\t\t<div class=\"elementor-element elementor-element-09b6e9c elementor-widget__width-initial elementor-widget-mobile__width-initial elementor-invisible elementor-widget elementor-widget-heading\" data-id=\"09b6e9c\" data-element_type=\"widget\" data-settings=\"{&quot;_animation&quot;:&quot;slideInLeft&quot;}\" data-widget_type=\"heading.default\">\n\t\t\t\t<div class=\"elementor-widget-container\">\n\t\t\t<h2 class=\"elementor-heading-title elementor-size-default\">KAJA<\/h2>\t\t<\/div>\n\t\t\t\t<\/div>\n\t\t\t\t<\/div>\n\t\t\t\t<\/div>\n\t\t<div class=\"elementor-element elementor-element-a777f48 e-flex e-con-boxed e-con e-parent\" data-id=\"a777f48\" data-element_type=\"container\" data-settings=\"{&quot;background_background&quot;:&quot;classic&quot;}\">\n\t\t\t\t\t<div class=\"e-con-inner\">\n\t\t\t\t<div class=\"elementor-element elementor-element-c2eefd3 elementor-invisible elementor-widget elementor-widget-testimonial\" data-id=\"c2eefd3\" data-element_type=\"widget\" data-settings=\"{&quot;_animation&quot;:&quot;slideInDown&quot;}\" data-widget_type=\"testimonial.default\">\n\t\t\t\t<div class=\"elementor-widget-container\">\n\t\t\t<style>\/*! elementor - v3.21.0 - 22-05-2024 *\/\n.elementor-testimonial-wrapper{overflow:hidden;text-align:center}.elementor-testimonial-wrapper .elementor-testimonial-content{font-size:1.3em;margin-bottom:20px}.elementor-testimonial-wrapper .elementor-testimonial-name{line-height:1.5;display:block}.elementor-testimonial-wrapper .elementor-testimonial-job{font-size:.85em;display:block}.elementor-testimonial-wrapper .elementor-testimonial-meta{width:100%;line-height:1}.elementor-testimonial-wrapper .elementor-testimonial-meta-inner{display:inline-block}.elementor-testimonial-wrapper .elementor-testimonial-meta .elementor-testimonial-details,.elementor-testimonial-wrapper .elementor-testimonial-meta .elementor-testimonial-image{display:table-cell;vertical-align:middle}.elementor-testimonial-wrapper .elementor-testimonial-meta .elementor-testimonial-image img{width:60px;height:60px;border-radius:50%;-o-object-fit:cover;object-fit:cover;max-width:none}.elementor-testimonial-wrapper .elementor-testimonial-meta.elementor-testimonial-image-position-aside .elementor-testimonial-image{padding-inline-end:15px}.elementor-testimonial-wrapper .elementor-testimonial-meta.elementor-testimonial-image-position-aside .elementor-testimonial-details{text-align:start}.elementor-testimonial-wrapper .elementor-testimonial-meta.elementor-testimonial-image-position-top .elementor-testimonial-details,.elementor-testimonial-wrapper .elementor-testimonial-meta.elementor-testimonial-image-position-top .elementor-testimonial-image{display:block}.elementor-testimonial-wrapper .elementor-testimonial-meta.elementor-testimonial-image-position-top .elementor-testimonial-image{margin-bottom:20px}<\/style>\t\t<div class=\"elementor-testimonial-wrapper\">\n\t\t\t\t\t\t\t<div class=\"elementor-testimonial-content\"><p>Kaja: Ein massives Holzhaus mit viel Wohnraum. <\/p>\n<\/div>\n\t\t\t\n\t\t\t\t\t\t<div class=\"elementor-testimonial-meta\">\n\t\t\t\t<div class=\"elementor-testimonial-meta-inner\">\n\t\t\t\t\t\n\t\t\t\t\t\t\t\t\t\t<div class=\"elementor-testimonial-details\">\n\t\t\t\t\t\t\t\t\t\t\t\t\t\t<div class=\"elementor-testimonial-name\">Blockhaus Kaja \/ 151 m2 Wohnnutzfl\u00e4che. 4 Zimmer + Schlafzimmer. <\/div>\n\t\t\t\t\t\t\t\t\t\t\t\t\t\t\t\t\t\t\t<\/div>\n\t\t\t\t\t\t\t\t\t<\/div>\n\t\t\t<\/div>\n\t\t\t\t\t<\/div>\n\t\t\t\t<\/div>\n\t\t\t\t<\/div>\n\t\t\t\t\t<\/div>\n\t\t\t\t<\/div>\n\t\t<div class=\"elementor-element elementor-element-915a0a4 e-grid e-con-boxed e-con e-parent\" data-id=\"915a0a4\" data-element_type=\"container\">\n\t\t\t\t\t<div class=\"e-con-inner\">\n\t\t<div class=\"elementor-element elementor-element-371580b e-flex e-con-boxed e-con e-child\" data-id=\"371580b\" data-element_type=\"container\">\n\t\t\t\t\t<div class=\"e-con-inner\">\n\t\t\t\t<div class=\"elementor-element elementor-element-11f97dd elementor-widget elementor-widget-image\" data-id=\"11f97dd\" data-element_type=\"widget\" data-widget_type=\"image.default\">\n\t\t\t\t<div class=\"elementor-widget-container\">\n\t\t\t<style>\/*! elementor - v3.21.0 - 22-05-2024 *\/\n.elementor-widget-image{text-align:center}.elementor-widget-image a{display:inline-block}.elementor-widget-image a img[src$=\".svg\"]{width:48px}.elementor-widget-image img{vertical-align:middle;display:inline-block}<\/style>\t\t\t\t\t\t\t\t\t\t<img fetchpriority=\"high\" decoding=\"async\" width=\"900\" height=\"776\" src=\"https:\/\/www.loghouse.si\/wp-content\/uploads\/2024\/08\/masivna-lesena-hisa-kaja2.jpg\" class=\"attachment-large size-large wp-image-5129\" alt=\"\" srcset=\"https:\/\/www.loghouse.si\/wp-content\/uploads\/2024\/08\/masivna-lesena-hisa-kaja2.jpg 900w, https:\/\/www.loghouse.si\/wp-content\/uploads\/2024\/08\/masivna-lesena-hisa-kaja2-300x259.jpg 300w, https:\/\/www.loghouse.si\/wp-content\/uploads\/2024\/08\/masivna-lesena-hisa-kaja2-768x662.jpg 768w\" sizes=\"(max-width: 900px) 100vw, 900px\" \/>\t\t\t\t\t\t\t\t\t\t\t\t\t<\/div>\n\t\t\t\t<\/div>\n\t\t\t\t<div class=\"elementor-element elementor-element-2f54110 elementor-widget elementor-widget-text-editor\" data-id=\"2f54110\" data-element_type=\"widget\" data-widget_type=\"text-editor.default\">\n\t\t\t\t<div class=\"elementor-widget-container\">\n\t\t\t<style>\/*! elementor - v3.21.0 - 22-05-2024 *\/\n.elementor-widget-text-editor.elementor-drop-cap-view-stacked .elementor-drop-cap{background-color:#69727d;color:#fff}.elementor-widget-text-editor.elementor-drop-cap-view-framed .elementor-drop-cap{color:#69727d;border:3px solid;background-color:transparent}.elementor-widget-text-editor:not(.elementor-drop-cap-view-default) .elementor-drop-cap{margin-top:8px}.elementor-widget-text-editor:not(.elementor-drop-cap-view-default) .elementor-drop-cap-letter{width:1em;height:1em}.elementor-widget-text-editor .elementor-drop-cap{float:left;text-align:center;line-height:1;font-size:50px}.elementor-widget-text-editor .elementor-drop-cap-letter{display:inline-block}<\/style>\t\t\t\t<p>Den Eingangsbereich ziert ein traditioneller Balkon.<\/p>\n\t\t\t\t\t\t<\/div>\n\t\t\t\t<\/div>\n\t\t\t\t\t<\/div>\n\t\t\t\t<\/div>\n\t\t<div class=\"elementor-element elementor-element-f767ce0 e-flex e-con-boxed e-con e-child\" data-id=\"f767ce0\" data-element_type=\"container\">\n\t\t\t\t\t<div class=\"e-con-inner\">\n\t\t\t\t<div class=\"elementor-element elementor-element-ec13c8b elementor-widget elementor-widget-image\" data-id=\"ec13c8b\" data-element_type=\"widget\" data-widget_type=\"image.default\">\n\t\t\t\t<div class=\"elementor-widget-container\">\n\t\t\t\t\t\t\t\t\t\t\t\t\t<img decoding=\"async\" width=\"900\" height=\"776\" src=\"https:\/\/www.loghouse.si\/wp-content\/uploads\/2024\/08\/masivna-lesena-hisa-kaja3.jpg\" class=\"attachment-large size-large wp-image-5135\" alt=\"\" srcset=\"https:\/\/www.loghouse.si\/wp-content\/uploads\/2024\/08\/masivna-lesena-hisa-kaja3.jpg 900w, https:\/\/www.loghouse.si\/wp-content\/uploads\/2024\/08\/masivna-lesena-hisa-kaja3-300x259.jpg 300w, https:\/\/www.loghouse.si\/wp-content\/uploads\/2024\/08\/masivna-lesena-hisa-kaja3-768x662.jpg 768w\" sizes=\"(max-width: 900px) 100vw, 900px\" \/>\t\t\t\t\t\t\t\t\t\t\t\t\t<\/div>\n\t\t\t\t<\/div>\n\t\t\t\t<div class=\"elementor-element elementor-element-17a6861 elementor-widget elementor-widget-text-editor\" data-id=\"17a6861\" data-element_type=\"widget\" data-widget_type=\"text-editor.default\">\n\t\t\t\t<div class=\"elementor-widget-container\">\n\t\t\t\t\t\t\t<p>Eine Galerie, die den Raum nach oben und unten \u00f6ffnet.<\/p>\n\t\t\t\t\t\t<\/div>\n\t\t\t\t<\/div>\n\t\t\t\t\t<\/div>\n\t\t\t\t<\/div>\n\t\t<div class=\"elementor-element elementor-element-36f3181 e-flex e-con-boxed e-con e-child\" data-id=\"36f3181\" data-element_type=\"container\">\n\t\t\t\t\t<div class=\"e-con-inner\">\n\t\t\t\t<div class=\"elementor-element elementor-element-4da0241 elementor-widget elementor-widget-image\" data-id=\"4da0241\" data-element_type=\"widget\" data-widget_type=\"image.default\">\n\t\t\t\t<div class=\"elementor-widget-container\">\n\t\t\t\t\t\t\t\t\t\t\t\t\t<img decoding=\"async\" width=\"900\" height=\"776\" src=\"https:\/\/www.loghouse.si\/wp-content\/uploads\/2024\/08\/masivna-lesena-hisa-kaja4.jpg\" class=\"attachment-large size-large wp-image-5138\" alt=\"\" srcset=\"https:\/\/www.loghouse.si\/wp-content\/uploads\/2024\/08\/masivna-lesena-hisa-kaja4.jpg 900w, https:\/\/www.loghouse.si\/wp-content\/uploads\/2024\/08\/masivna-lesena-hisa-kaja4-300x259.jpg 300w, https:\/\/www.loghouse.si\/wp-content\/uploads\/2024\/08\/masivna-lesena-hisa-kaja4-768x662.jpg 768w\" sizes=\"(max-width: 900px) 100vw, 900px\" \/>\t\t\t\t\t\t\t\t\t\t\t\t\t<\/div>\n\t\t\t\t<\/div>\n\t\t\t\t<div class=\"elementor-element elementor-element-a55fb10 elementor-widget elementor-widget-text-editor\" data-id=\"a55fb10\" data-element_type=\"widget\" data-widget_type=\"text-editor.default\">\n\t\t\t\t<div class=\"elementor-widget-container\">\n\t\t\t\t\t\t\t<p>Kaja Seitenansicht.<\/p>\n\t\t\t\t\t\t<\/div>\n\t\t\t\t<\/div>\n\t\t\t\t\t<\/div>\n\t\t\t\t<\/div>\n\t\t\t\t\t<\/div>\n\t\t\t\t<\/div>\n\t\t<div class=\"elementor-element elementor-element-b92fd48 e-con-full e-flex e-con e-parent\" data-id=\"b92fd48\" data-element_type=\"container\" data-settings=\"{&quot;background_background&quot;:&quot;classic&quot;}\">\n\t\t\t\t<\/div>\n\t\t<div class=\"elementor-element elementor-element-2776271 e-grid e-con-boxed e-con e-parent\" data-id=\"2776271\" data-element_type=\"container\">\n\t\t\t\t\t<div class=\"e-con-inner\">\n\t\t<div class=\"elementor-element elementor-element-dfb5851 e-flex e-con-boxed e-con e-child\" data-id=\"dfb5851\" data-element_type=\"container\">\n\t\t\t\t\t<div class=\"e-con-inner\">\n\t\t\t\t<div class=\"elementor-element elementor-element-22b1f15 elementor-widget elementor-widget-heading\" data-id=\"22b1f15\" data-element_type=\"widget\" data-widget_type=\"heading.default\">\n\t\t\t\t<div class=\"elementor-widget-container\">\n\t\t\t<h2 class=\"elementor-heading-title elementor-size-default\">Basisdaten<\/h2>\t\t<\/div>\n\t\t\t\t<\/div>\n\t\t\t\t<div class=\"elementor-element elementor-element-469c9ef elementor-widget__width-initial elementor-widget-mobile__width-initial elementor-widget elementor-widget-text-editor\" data-id=\"469c9ef\" data-element_type=\"widget\" data-widget_type=\"text-editor.default\">\n\t\t\t\t<div class=\"elementor-widget-container\">\n\t\t\t\t\t\t\t<p>Grundrissma\u00dfe: <strong>12,1 x 8,5 m<\/strong><\/p>\n<p>Firsth\u00f6he: <strong>7,6 m<\/strong><\/p>\n<p>Dachneigung: <strong>42 stopinj<\/strong><\/p>\n<p>Bebauteoberfl\u00e4che: <strong>103,3 m2<\/strong><\/p>\n<p>Nutzfl\u00e4che des Erdgeschosses: <strong>84,46 m2<\/strong><\/p>\n<p>Nutzbare Dachbodenfl\u00e4che: <strong>66,86 m2<\/strong><\/p>\n<p>Gesamtnutzfl\u00e4che: <strong>151,32 m2<\/strong><\/p>\n<p>Kniestockh\u00f6he: <strong>51 cm<\/strong><\/p>\n\t\t\t\t\t\t<\/div>\n\t\t\t\t<\/div>\n\t\t\t\t\t<\/div>\n\t\t\t\t<\/div>\n\t\t\t\t\t<\/div>\n\t\t\t\t<\/div>\n\t\t<div class=\"elementor-element elementor-element-350ce92 e-grid e-con-boxed e-con e-parent\" data-id=\"350ce92\" data-element_type=\"container\" data-settings=\"{&quot;background_background&quot;:&quot;classic&quot;}\">\n\t\t\t\t\t<div class=\"e-con-inner\">\n\t\t<div class=\"elementor-element elementor-element-79285fe e-flex e-con-boxed e-con e-child\" data-id=\"79285fe\" data-element_type=\"container\">\n\t\t\t\t\t<div class=\"e-con-inner\">\n\t\t\t\t<div class=\"elementor-element elementor-element-cba8644 elementor-widget elementor-widget-image\" data-id=\"cba8644\" data-element_type=\"widget\" data-widget_type=\"image.default\">\n\t\t\t\t<div class=\"elementor-widget-container\">\n\t\t\t\t\t\t\t\t\t\t\t\t\t\t<a href=\"https:\/\/www.loghouse.si\/wp-content\/uploads\/2024\/08\/masivna-lesena-hisa-kaja-tloris-pritlicja.jpg\" data-elementor-open-lightbox=\"yes\" data-elementor-lightbox-title=\"masivna lesena hisa kaja tloris pritli\u010dja\" data-e-action-hash=\"#elementor-action%3Aaction%3Dlightbox%26settings%3DeyJpZCI6NTE1NywidXJsIjoiaHR0cHM6XC9cL3d3dy5sb2dob3VzZS5zaVwvd3AtY29udGVudFwvdXBsb2Fkc1wvMjAyNFwvMDhcL21hc2l2bmEtbGVzZW5hLWhpc2Eta2FqYS10bG9yaXMtcHJpdGxpY2phLmpwZyJ9\">\n\t\t\t\t\t\t\t<img loading=\"lazy\" decoding=\"async\" width=\"700\" height=\"607\" src=\"https:\/\/www.loghouse.si\/wp-content\/uploads\/2024\/08\/masivna-lesena-hisa-kaja-tloris-pritlicja.jpg\" class=\"attachment-large size-large wp-image-5157\" alt=\"\" srcset=\"https:\/\/www.loghouse.si\/wp-content\/uploads\/2024\/08\/masivna-lesena-hisa-kaja-tloris-pritlicja.jpg 700w, https:\/\/www.loghouse.si\/wp-content\/uploads\/2024\/08\/masivna-lesena-hisa-kaja-tloris-pritlicja-300x260.jpg 300w\" sizes=\"(max-width: 700px) 100vw, 700px\" \/>\t\t\t\t\t\t\t\t<\/a>\n\t\t\t\t\t\t\t\t\t\t\t\t\t<\/div>\n\t\t\t\t<\/div>\n\t\t\t\t<div class=\"elementor-element elementor-element-e88be6b elementor-widget-mobile__width-initial elementor-widget elementor-widget-text-editor\" data-id=\"e88be6b\" data-element_type=\"widget\" data-widget_type=\"text-editor.default\">\n\t\t\t\t<div class=\"elementor-widget-container\">\n\t\t\t\t\t\t\t<p><strong>ERDGESCHOSS<\/strong><\/p>\n<p>1\/Vorraum: <strong>5,72 m2<\/strong><\/p>\n<p>2\/Utility:<strong> 5,30 m2<\/strong><\/p>\n<p>3\/Flur: <strong>9,70 m2<\/strong><\/p>\n<p>4\/Badezimmer: <strong>5,53 m2<\/strong><\/p>\n<p>5\/Treppen: <strong>3,91 m2<\/strong><\/p>\n<p>6\/Kabinett: <strong>12,20 m2<\/strong><\/p>\n<p>7\/ K\u00fcche:<strong> 6,07 m2<\/strong><\/p>\n<p>8\/Wohnzimmer: <strong>35,40 m2<\/strong><\/p>\n\t\t\t\t\t\t<\/div>\n\t\t\t\t<\/div>\n\t\t\t\t\t<\/div>\n\t\t\t\t<\/div>\n\t\t<div class=\"elementor-element elementor-element-9290966 e-flex e-con-boxed e-con e-child\" data-id=\"9290966\" data-element_type=\"container\">\n\t\t\t\t\t<div class=\"e-con-inner\">\n\t\t\t\t<div class=\"elementor-element elementor-element-b58c40c elementor-widget elementor-widget-image\" data-id=\"b58c40c\" data-element_type=\"widget\" data-widget_type=\"image.default\">\n\t\t\t\t<div class=\"elementor-widget-container\">\n\t\t\t\t\t\t\t\t\t\t\t\t\t\t<a href=\"https:\/\/www.loghouse.si\/wp-content\/uploads\/2024\/08\/masivna-lesena-hisa-kaja-tloris-mansarda.jpg\" data-elementor-open-lightbox=\"yes\" data-elementor-lightbox-title=\"masivna lesena hisa kaja tloris mansarda\" data-e-action-hash=\"#elementor-action%3Aaction%3Dlightbox%26settings%3DeyJpZCI6NTE2MCwidXJsIjoiaHR0cHM6XC9cL3d3dy5sb2dob3VzZS5zaVwvd3AtY29udGVudFwvdXBsb2Fkc1wvMjAyNFwvMDhcL21hc2l2bmEtbGVzZW5hLWhpc2Eta2FqYS10bG9yaXMtbWFuc2FyZGEuanBnIn0%3D\">\n\t\t\t\t\t\t\t<img loading=\"lazy\" decoding=\"async\" width=\"700\" height=\"607\" src=\"https:\/\/www.loghouse.si\/wp-content\/uploads\/2024\/08\/masivna-lesena-hisa-kaja-tloris-mansarda.jpg\" class=\"attachment-large size-large wp-image-5160\" alt=\"\" srcset=\"https:\/\/www.loghouse.si\/wp-content\/uploads\/2024\/08\/masivna-lesena-hisa-kaja-tloris-mansarda.jpg 700w, https:\/\/www.loghouse.si\/wp-content\/uploads\/2024\/08\/masivna-lesena-hisa-kaja-tloris-mansarda-300x260.jpg 300w\" sizes=\"(max-width: 700px) 100vw, 700px\" \/>\t\t\t\t\t\t\t\t<\/a>\n\t\t\t\t\t\t\t\t\t\t\t\t\t<\/div>\n\t\t\t\t<\/div>\n\t\t\t\t<div class=\"elementor-element elementor-element-b7ccf92 elementor-widget elementor-widget-text-editor\" data-id=\"b7ccf92\" data-element_type=\"widget\" data-widget_type=\"text-editor.default\">\n\t\t\t\t<div class=\"elementor-widget-container\">\n\t\t\t\t\t\t\t<p><strong>OBERGESCHOSS<\/strong><\/p>\n<p>9\/Flur: <strong>6,94 m2<\/strong><\/p>\n<p>10\/Badezimmer: <strong>6,43 m2<\/strong><\/p>\n<p>11\/Zimmer 1+2: <strong>20,82 m2<\/strong><\/p>\n<p>12\/Zimmer 3: <strong>8,80 m2<\/strong><\/p>\n<p>13\/Schlafzimmer:<strong> 14,66 m2<\/strong><\/p>\n<p>14\/Galerie: <strong>9,21 m2<\/strong><\/p>\n\t\t\t\t\t\t<\/div>\n\t\t\t\t<\/div>\n\t\t\t\t\t<\/div>\n\t\t\t\t<\/div>\n\t\t\t\t\t<\/div>\n\t\t\t\t<\/div>\n\t\t<div class=\"elementor-element elementor-element-3695d77 e-grid e-con-boxed e-con e-parent\" data-id=\"3695d77\" data-element_type=\"container\">\n\t\t\t\t\t<div class=\"e-con-inner\">\n\t\t<div class=\"elementor-element elementor-element-1b4f2b3 e-flex e-con-boxed e-con e-child\" data-id=\"1b4f2b3\" data-element_type=\"container\">\n\t\t\t\t\t<div class=\"e-con-inner\">\n\t\t\t\t<div class=\"elementor-element elementor-element-f7f5edb elementor-invisible elementor-widget elementor-widget-heading\" data-id=\"f7f5edb\" data-element_type=\"widget\" data-settings=\"{&quot;_animation&quot;:&quot;slideInUp&quot;}\" data-widget_type=\"heading.default\">\n\t\t\t\t<div class=\"elementor-widget-container\">\n\t\t\t<h2 class=\"elementor-heading-title elementor-size-default\">Sie m\u00f6chten ein unverbindliches Angebot zum KAJA Blockhaus?<\/h2>\t\t<\/div>\n\t\t\t\t<\/div>\n\t\t\t\t<div class=\"elementor-element elementor-element-0ac5f3c elementor-widget__width-initial elementor-widget-mobile__width-initial elementor-invisible elementor-widget elementor-widget-text-editor\" data-id=\"0ac5f3c\" data-element_type=\"widget\" data-settings=\"{&quot;_animation&quot;:&quot;slideInUp&quot;}\" data-widget_type=\"text-editor.default\">\n\t\t\t\t<div class=\"elementor-widget-container\">\n\t\t\t\t\t\t\t<p>Sie k\u00f6nnen das Blockhaus Kaja in verschiedenen Bauphasen bestellen: 1. PHASE KONSTRUKTION, 2. PHASE STANDARD, 3. PHASE SCHL\u00dcSSELFERTIGER BAU. F\u00fcr eine informative Berechnung oder weitere Informationen schreiben Sie uns bitte an:<strong><a href=\"mailto:info@loghouse.si\"> info@loghouse.si <\/a><\/strong>oder rufen Sie uns an unter:<a href=\"tel:38682058491\"><strong> +386 8 205 84 91<\/strong><\/a>    <\/p>\n\t\t\t\t\t\t<\/div>\n\t\t\t\t<\/div>\n\t\t\t\t\t<\/div>\n\t\t\t\t<\/div>\n\t\t\t\t\t<\/div>\n\t\t\t\t<\/div>\n\t\t<div class=\"elementor-element elementor-element-45e41b9 e-grid e-con-boxed e-con e-parent\" data-id=\"45e41b9\" data-element_type=\"container\" data-settings=\"{&quot;background_background&quot;:&quot;classic&quot;}\">\n\t\t\t\t\t<div class=\"e-con-inner\">\n\t\t<div class=\"elementor-element elementor-element-ab85e72 e-flex e-con-boxed e-con e-child\" data-id=\"ab85e72\" data-element_type=\"container\">\n\t\t\t\t\t<div class=\"e-con-inner\">\n\t\t\t\t<div class=\"elementor-element elementor-element-8c4f1ac elementor-widget elementor-widget-heading\" data-id=\"8c4f1ac\" data-element_type=\"widget\" data-widget_type=\"heading.default\">\n\t\t\t\t<div class=\"elementor-widget-container\">\n\t\t\t<h2 class=\"elementor-heading-title elementor-size-default\">IHRE W\u00dcNSCHE, IHR HAUS!<\/h2>\t\t<\/div>\n\t\t\t\t<\/div>\n\t\t\t\t<div class=\"elementor-element elementor-element-bf10473 elementor-widget__width-initial elementor-widget-mobile__width-initial elementor-widget elementor-widget-text-editor\" data-id=\"bf10473\" data-element_type=\"widget\" data-widget_type=\"text-editor.default\">\n\t\t\t\t<div class=\"elementor-widget-container\">\n\t\t\t\t\t\t\t<p>Ein individuelles Haus bedeutet bei uns weder einen h\u00f6heren Preis noch eine l\u00e4ngere Lieferzeit. Aber es bedeutet ein Zuhause, das an Ihre Bed\u00fcrfnisse angepasst ist. Schreiben Sie uns oder rufen Sie uns an und wir vereinbaren einen Termin, bei dem Sie uns Ihre W\u00fcnsche anvertrauen.  <\/p>\n\t\t\t\t\t\t<\/div>\n\t\t\t\t<\/div>\n\t\t\t\t\t<\/div>\n\t\t\t\t<\/div>\n\t\t\t\t\t<\/div>\n\t\t\t\t<\/div>\n\t\t\t\t<\/div>\n\t\t","protected":false},"excerpt":{"rendered":"<p>Blockhaus KAJA Kaja: Ein massives Holzhaus mit viel Wohnraum. Blockhaus Kaja \/ 151 m2 Wohnnutzfl\u00e4che. 4 Zimmer + Schlafzimmer. Den Eingangsbereich ziert ein traditioneller Balkon. Eine Galerie, die den Raum nach oben und unten \u00f6ffnet. Kaja Seitenansicht. Basisdaten Grundrissma\u00dfe: 12,1 x 8,5 m Firsth\u00f6he: 7,6 m Dachneigung: 42 stopinj Bebauteoberfl\u00e4che: 103,3 m2 Nutzfl\u00e4che des Erdgeschosses: [&hellip;]<\/p>\n","protected":false},"author":1,"featured_media":0,"parent":0,"menu_order":0,"comment_status":"closed","ping_status":"closed","template":"","meta":{"site-sidebar-layout":"no-sidebar","site-content-layout":"page-builder","ast-site-content-layout":"full-width-container","site-content-style":"unboxed","site-sidebar-style":"unboxed","ast-global-header-display":"","ast-banner-title-visibility":"","ast-main-header-display":"","ast-hfb-above-header-display":"","ast-hfb-below-header-display":"","ast-hfb-mobile-header-display":"","site-post-title":"disabled","ast-breadcrumbs-content":"","ast-featured-img":"disabled","footer-sml-layout":"","theme-transparent-header-meta":"enabled","adv-header-id-meta":"","stick-header-meta":"","header-above-stick-meta":"","header-main-stick-meta":"","header-below-stick-meta":"","astra-migrate-meta-layouts":"default","ast-page-background-enabled":"default","ast-page-background-meta":{"desktop":{"background-color":"","background-image":"","background-repeat":"repeat","background-position":"center center","background-size":"auto","background-attachment":"scroll","background-type":"","background-media":"","overlay-type":"","overlay-color":"","overlay-gradient":""},"tablet":{"background-color":"","background-image":"","background-repeat":"repeat","background-position":"center center","background-size":"auto","background-attachment":"scroll","background-type":"","background-media":"","overlay-type":"","overlay-color":"","overlay-gradient":""},"mobile":{"background-color":"","background-image":"","background-repeat":"repeat","background-position":"center center","background-size":"auto","background-attachment":"scroll","background-type":"","background-media":"","overlay-type":"","overlay-color":"","overlay-gradient":""}},"ast-content-background-meta":{"desktop":{"background-color":"var(--ast-global-color-5)","background-image":"","background-repeat":"repeat","background-position":"center center","background-size":"auto","background-attachment":"scroll","background-type":"","background-media":"","overlay-type":"","overlay-color":"","overlay-gradient":""},"tablet":{"background-color":"var(--ast-global-color-5)","background-image":"","background-repeat":"repeat","background-position":"center center","background-size":"auto","background-attachment":"scroll","background-type":"","background-media":"","overlay-type":"","overlay-color":"","overlay-gradient":""},"mobile":{"background-color":"var(--ast-global-color-5)","background-image":"","background-repeat":"repeat","background-position":"center center","background-size":"auto","background-attachment":"scroll","background-type":"","background-media":"","overlay-type":"","overlay-color":"","overlay-gradient":""}},"footnotes":""},"class_list":["post-6883","page","type-page","status-publish","hentry"],"_links":{"self":[{"href":"https:\/\/www.loghouse.si\/de\/wp-json\/wp\/v2\/pages\/6883","targetHints":{"allow":["GET"]}}],"collection":[{"href":"https:\/\/www.loghouse.si\/de\/wp-json\/wp\/v2\/pages"}],"about":[{"href":"https:\/\/www.loghouse.si\/de\/wp-json\/wp\/v2\/types\/page"}],"author":[{"embeddable":true,"href":"https:\/\/www.loghouse.si\/de\/wp-json\/wp\/v2\/users\/1"}],"replies":[{"embeddable":true,"href":"https:\/\/www.loghouse.si\/de\/wp-json\/wp\/v2\/comments?post=6883"}],"version-history":[{"count":8,"href":"https:\/\/www.loghouse.si\/de\/wp-json\/wp\/v2\/pages\/6883\/revisions"}],"predecessor-version":[{"id":7499,"href":"https:\/\/www.loghouse.si\/de\/wp-json\/wp\/v2\/pages\/6883\/revisions\/7499"}],"wp:attachment":[{"href":"https:\/\/www.loghouse.si\/de\/wp-json\/wp\/v2\/media?parent=6883"}],"curies":[{"name":"wp","href":"https:\/\/api.w.org\/{rel}","templated":true}]}}